{"id":1258,"date":"2022-03-10T12:47:28","date_gmt":"2022-03-10T11:47:28","guid":{"rendered":"https:\/\/spasummerclassic.com\/?page_id=1258"},"modified":"2022-03-12T14:16:54","modified_gmt":"2022-03-12T13:16:54","slug":"essais-libres","status":"publish","type":"page","link":"https:\/\/spasummerclassic.com\/en\/carnet-de-bord\/essais-libres\/","title":{"rendered":"UNTIMED OPEN PRACTICE"},"content":{"rendered":"<div data-elementor-type=\"wp-page\" data-elementor-id=\"1258\" class=\"elementor elementor-1258\" data-elementor-post-type=\"page\">\n\t\t\t\t\t\t<section class=\"elementor-section elementor-top-section elementor-element elementor-element-2e6d4b4 elementor-section-stretched elementor-section-full_width elementor-section-height-default elementor-section-height-default\" data-id=\"2e6d4b4\" data-element_type=\"section\" data-e-type=\"section\" data-settings=\"{&quot;stretch_section&quot;:&quot;section-stretched&quot;,&quot;background_background&quot;:&quot;classic&quot;}\">\n\t\t\t\t\t\t<div class=\"elementor-container elementor-column-gap-no\">\n\t\t\t\t\t<div class=\"elementor-column elementor-col-100 elementor-top-column elementor-element elementor-element-642ddbad\" data-id=\"642ddbad\" data-element_type=\"column\" data-e-type=\"column\">\n\t\t\t<div class=\"elementor-widget-wrap elementor-element-populated\">\n\t\t\t\t\t\t<div class=\"elementor-element elementor-element-5bbe2ae5 elementor-nav-menu__align-center elementor-nav-menu--dropdown-mobile elementor-nav-menu__text-align-center elementor-widget elementor-widget-nav-menu\" data-id=\"5bbe2ae5\" data-element_type=\"widget\" data-e-type=\"widget\" data-settings=\"{&quot;layout&quot;:&quot;horizontal&quot;,&quot;submenu_icon&quot;:{&quot;value&quot;:&quot;&lt;i class=\\&quot;fas fa-caret-down\\&quot; aria-hidden=\\&quot;true\\&quot;&gt;&lt;\\\/i&gt;&quot;,&quot;library&quot;:&quot;fa-solid&quot;}}\" data-widget_type=\"nav-menu.default\">\n\t\t\t\t<div class=\"elementor-widget-container\">\n\t\t\t\t\t\t\t\t<nav aria-label=\"Menu\" class=\"elementor-nav-menu--main elementor-nav-menu__container elementor-nav-menu--layout-horizontal e--pointer-none\">\n\t\t\t\t<ul id=\"menu-1-5bbe2ae5\" class=\"elementor-nav-menu\"><li class=\"menu-item menu-item-type-post_type menu-item-object-page menu-item-1040\"><a href=\"https:\/\/spasummerclassic.com\/en\/acces-pilote\/\" class=\"elementor-item\">Drivers Info<\/a><\/li>\n<li class=\"menu-item menu-item-type-post_type menu-item-object-page menu-item-1098\"><a href=\"https:\/\/spasummerclassic.com\/en\/essaislibres-back\/\" class=\"elementor-item\">UNTIMED OPEN PRACTICE<\/a><\/li>\n<li class=\"menu-item menu-item-type-post_type menu-item-object-page menu-item-1959\"><a href=\"https:\/\/spasummerclassic.com\/en\/carnet-de-bord\/\" class=\"elementor-item\">LOGBOOK<\/a><\/li>\n<li class=\"menu-item menu-item-type-custom menu-item-object-custom menu-item-1041\"><a target=\"_blank\" href=\"http:\/\/roadbook.alkamelsystems.com\/\" class=\"elementor-item\">Results<\/a><\/li>\n<\/ul>\t\t\t<\/nav>\n\t\t\t\t\t\t<nav class=\"elementor-nav-menu--dropdown elementor-nav-menu__container\" aria-hidden=\"true\">\n\t\t\t\t<ul id=\"menu-2-5bbe2ae5\" class=\"elementor-nav-menu\"><li class=\"menu-item menu-item-type-post_type menu-item-object-page menu-item-1040\"><a href=\"https:\/\/spasummerclassic.com\/en\/acces-pilote\/\" class=\"elementor-item\" tabindex=\"-1\">Drivers Info<\/a><\/li>\n<li class=\"menu-item menu-item-type-post_type menu-item-object-page menu-item-1098\"><a href=\"https:\/\/spasummerclassic.com\/en\/essaislibres-back\/\" class=\"elementor-item\" tabindex=\"-1\">UNTIMED OPEN PRACTICE<\/a><\/li>\n<li class=\"menu-item menu-item-type-post_type menu-item-object-page menu-item-1959\"><a href=\"https:\/\/spasummerclassic.com\/en\/carnet-de-bord\/\" class=\"elementor-item\" tabindex=\"-1\">LOGBOOK<\/a><\/li>\n<li class=\"menu-item menu-item-type-custom menu-item-object-custom menu-item-1041\"><a target=\"_blank\" href=\"http:\/\/roadbook.alkamelsystems.com\/\" class=\"elementor-item\" tabindex=\"-1\">Results<\/a><\/li>\n<\/ul>\t\t\t<\/nav>\n\t\t\t\t\t\t<\/div>\n\t\t\t\t<\/div>\n\t\t\t\t\t<\/div>\n\t\t<\/div>\n\t\t\t\t\t<\/div>\n\t\t<\/section>\n\t\t\t\t<section class=\"elementor-section elementor-top-section elementor-element elementor-element-9de5db0 elementor-section-full_width elementor-section-height-min-height elementor-section-stretched elementor-section-content-middle elementor-section-height-default elementor-section-items-middle\" data-id=\"9de5db0\" data-element_type=\"section\" data-e-type=\"section\" data-settings=\"{&quot;stretch_section&quot;:&quot;section-stretched&quot;,&quot;background_background&quot;:&quot;classic&quot;}\">\n\t\t\t\t\t\t\t<div class=\"elementor-background-overlay\"><\/div>\n\t\t\t\t\t\t\t<div class=\"elementor-container elementor-column-gap-extended\">\n\t\t\t\t\t<div class=\"elementor-column elementor-col-100 elementor-top-column elementor-element elementor-element-73a825fe\" data-id=\"73a825fe\" data-element_type=\"column\" data-e-type=\"column\" data-settings=\"{&quot;background_background&quot;:&quot;slideshow&quot;,&quot;background_slideshow_gallery&quot;:[],&quot;background_slideshow_loop&quot;:&quot;yes&quot;,&quot;background_slideshow_slide_duration&quot;:5000,&quot;background_slideshow_slide_transition&quot;:&quot;fade&quot;,&quot;background_slideshow_transition_duration&quot;:500}\">\n\t\t\t<div class=\"elementor-widget-wrap elementor-element-populated\">\n\t\t\t\t\t\t\t<\/div>\n\t\t<\/div>\n\t\t\t\t\t<\/div>\n\t\t<\/section>\n\t\t\t\t<section class=\"elementor-section elementor-top-section elementor-element elementor-element-e5a487f elementor-section-stretched elementor-section-boxed elementor-section-height-default elementor-section-height-default\" data-id=\"e5a487f\" data-element_type=\"section\" data-e-type=\"section\" data-settings=\"{&quot;background_background&quot;:&quot;classic&quot;,&quot;stretch_section&quot;:&quot;section-stretched&quot;}\">\n\t\t\t\t\t\t<div class=\"elementor-container elementor-column-gap-extended\">\n\t\t\t\t\t<div class=\"elementor-column elementor-col-100 elementor-top-column elementor-element elementor-element-1302b8a9\" data-id=\"1302b8a9\" data-element_type=\"column\" data-e-type=\"column\">\n\t\t\t<div class=\"elementor-widget-wrap\">\n\t\t\t\t\t\t\t<\/div>\n\t\t<\/div>\n\t\t\t\t\t<\/div>\n\t\t<\/section>\n\t\t\t\t<section class=\"elementor-section elementor-top-section elementor-element elementor-element-8fb8ae3 elementor-reverse-mobile elementor-section-boxed elementor-section-height-default elementor-section-height-default\" data-id=\"8fb8ae3\" data-element_type=\"section\" data-e-type=\"section\">\n\t\t\t\t\t\t<div class=\"elementor-container elementor-column-gap-extended\">\n\t\t\t\t\t<div class=\"elementor-column elementor-col-50 elementor-top-column elementor-element elementor-element-764763f6 elementor-invisible\" data-id=\"764763f6\" data-element_type=\"column\" data-e-type=\"column\" data-settings=\"{&quot;background_background&quot;:&quot;classic&quot;,&quot;animation&quot;:&quot;fadeInUp&quot;,&quot;animation_delay&quot;:200}\">\n\t\t\t<div class=\"elementor-widget-wrap elementor-element-populated\">\n\t\t\t\t\t\t<div class=\"elementor-element elementor-element-77a7b7a5 elementor-widget elementor-widget-heading\" data-id=\"77a7b7a5\" data-element_type=\"widget\" data-e-type=\"widget\" data-widget_type=\"heading.default\">\n\t\t\t\t<div class=\"elementor-widget-container\">\n\t\t\t\t\t<h2 class=\"elementor-heading-title elementor-size-default\">24.06<br>TEST DAY<\/h2>\t\t\t\t<\/div>\n\t\t\t\t<\/div>\n\t\t\t\t<div class=\"elementor-element elementor-element-3d7646f6 elementor-icon-list--layout-traditional elementor-list-item-link-full_width elementor-widget elementor-widget-icon-list\" data-id=\"3d7646f6\" data-element_type=\"widget\" data-e-type=\"widget\" data-widget_type=\"icon-list.default\">\n\t\t\t\t<div class=\"elementor-widget-container\">\n\t\t\t\t\t\t\t<ul class=\"elementor-icon-list-items\">\n\t\t\t\t\t\t\t<li class=\"elementor-icon-list-item\">\n\t\t\t\t\t\t\t\t\t\t\t<a href=\"https:\/\/spasummerclassic.com\/wp-content\/uploads\/2022\/03\/TrackSafety.pdf\">\n\n\t\t\t\t\t\t\t\t\t\t\t\t<span class=\"elementor-icon-list-icon\">\n\t\t\t\t\t\t\t<i aria-hidden=\"true\" class=\"far fa-file\"><\/i>\t\t\t\t\t\t<\/span>\n\t\t\t\t\t\t\t\t\t\t<span class=\"elementor-icon-list-text\">Downleoad the Track Safety<\/span>\n\t\t\t\t\t\t\t\t\t\t\t<\/a>\n\t\t\t\t\t\t\t\t\t<\/li>\n\t\t\t\t\t\t<\/ul>\n\t\t\t\t\t\t<\/div>\n\t\t\t\t<\/div>\n\t\t\t\t<div class=\"elementor-element elementor-element-65a0946 elementor-widget elementor-widget-heading\" data-id=\"65a0946\" data-element_type=\"widget\" data-e-type=\"widget\" data-widget_type=\"heading.default\">\n\t\t\t\t<div class=\"elementor-widget-container\">\n\t\t\t\t\t<h2 class=\"elementor-heading-title elementor-size-default\">only On reserVation<\/h2>\t\t\t\t<\/div>\n\t\t\t\t<\/div>\n\t\t\t\t<div class=\"elementor-element elementor-element-3c7591e2 elementor-invisible elementor-widget elementor-widget-text-editor\" data-id=\"3c7591e2\" data-element_type=\"widget\" data-e-type=\"widget\" data-settings=\"{&quot;_animation&quot;:&quot;fadeIn&quot;}\" data-widget_type=\"text-editor.default\">\n\t\t\t\t<div class=\"elementor-widget-container\">\n\t\t\t\t\t\t\t\t\t<div>ON RESERVATION ONLY<\/div><div>\u00a0<\/div><ul><li>SPA 3 HOURS<\/li><li>BELCAR HISTORIC CUP<\/li><li>NK HTGT<\/li><li>TRIUMPH COMPETITION &amp; BRITISH HTGT<\/li><li>NK GT&amp;TC<\/li><li>TOURENWAGEN-CLASSICS<\/li><li>AUTOPASSION YTCC<\/li><li>DUNLOP GENTLE DRIVERS &rsquo;65<\/li><li>COLMORE YTCC<\/li><\/ul><div><p><strong>Maximum noise allowed on the track: 103 dB<br \/><\/strong>During each lap of the circuit, a dynamic control is carried out.<br \/><strong><br \/><\/strong><\/p><\/div><div><p>A static check will be carried out before the car takes to the track<br \/>Maximum allowed: 107 dB, measured at the exhaust pipe.<br \/><strong><br \/><\/strong><\/p><\/div><div><ul><li>All the cars of the above mentioned series share the track, without distinction of year, engine size or group.<\/li><\/ul><\/div><ul><li>No passenger, no instructor. Only the driver alone in the car.<\/li><\/ul><div><ul><li>The number of places per session is limited. First booked, first served.<\/li><li>Payment on site in cash.<\/li><li>Practical information will be sent with the booking confirmation.<\/li><li>The technical inspection of the car is not necessary to participate in the non-timed free practice.<\/li><li>The spirit of competition is not important, but conviviality and respect of all participants, whatever the category of the car. The security service of the circuit as well as the track marshals will make sure that this spirit is respected. The competent authorities can exclude the car from the meeting (Friday - Saturday - Sunday), if the noise standards are not respected or in case of dangerous behaviour on the track.<\/li><\/ul><\/div><div>\u00a0<\/div>\t\t\t\t\t\t\t\t<\/div>\n\t\t\t\t<\/div>\n\t\t\t\t\t<\/div>\n\t\t<\/div>\n\t\t\t\t<div class=\"elementor-column elementor-col-50 elementor-top-column elementor-element elementor-element-46f7e95c prider_back elementor-invisible\" data-id=\"46f7e95c\" data-element_type=\"column\" data-e-type=\"column\" data-settings=\"{&quot;background_background&quot;:&quot;classic&quot;,&quot;animation&quot;:&quot;fadeInUp&quot;}\">\n\t\t\t<div class=\"elementor-widget-wrap elementor-element-populated\">\n\t\t\t\t\t\t<div class=\"elementor-element elementor-element-8e7cfb8 elementor-widget elementor-widget-text-editor\" data-id=\"8e7cfb8\" data-element_type=\"widget\" data-e-type=\"widget\" data-widget_type=\"text-editor.default\">\n\t\t\t\t<div class=\"elementor-widget-container\">\n\t\t\t\t\t\t\t\t\t<p style=\"text-align: center;\"><strong>Warning: Registration for the Open Practice is now closed.\u00a0<\/strong><br \/><br \/><br \/><\/p>\t\t\t\t\t\t\t\t<\/div>\n\t\t\t\t<\/div>\n\t\t\t\t\t<\/div>\n\t\t<\/div>\n\t\t\t\t\t<\/div>\n\t\t<\/section>\n\t\t\t\t<\/div>","protected":false},"excerpt":{"rendered":"<p>24.06TEST DAY T\u00e9l\u00e9charger le Track Safety SUR RESERVATION UNIQUEMENT Le jeudi 24 juin est r\u00e9serv\u00e9 aux essais libres non chronom\u00e9tr\u00e9s pour les pilotes et les voitures des s\u00e9ries suivantes :\u00a0 SPA 3 HOURS BELCAR HISTORIC CUP NK HTGT TRIUMPH COMPETITION &amp; BRITISH HTGT NK GT&amp;TC TOURENWAGEN-CLASSICS AUTOPASSION YTCC DUNLOP GENTLE DRIVERS &rsquo;65 COLMORE YTCC Bruit [&hellip;]<\/p>\n","protected":false},"author":3,"featured_media":1239,"parent":1099,"menu_order":0,"comment_status":"closed","ping_status":"closed","template":"elementor_header_footer","meta":{"footnotes":""},"class_list":["post-1258","page","type-page","status-publish","has-post-thumbnail","hentry"],"_links":{"self":[{"href":"https:\/\/spasummerclassic.com\/en\/wp-json\/wp\/v2\/pages\/1258","targetHints":{"allow":["GET"]}}],"collection":[{"href":"https:\/\/spasummerclassic.com\/en\/wp-json\/wp\/v2\/pages"}],"about":[{"href":"https:\/\/spasummerclassic.com\/en\/wp-json\/wp\/v2\/types\/page"}],"author":[{"embeddable":true,"href":"https:\/\/spasummerclassic.com\/en\/wp-json\/wp\/v2\/users\/3"}],"replies":[{"embeddable":true,"href":"https:\/\/spasummerclassic.com\/en\/wp-json\/wp\/v2\/comments?post=1258"}],"version-history":[{"count":23,"href":"https:\/\/spasummerclassic.com\/en\/wp-json\/wp\/v2\/pages\/1258\/revisions"}],"predecessor-version":[{"id":2347,"href":"https:\/\/spasummerclassic.com\/en\/wp-json\/wp\/v2\/pages\/1258\/revisions\/2347"}],"up":[{"embeddable":true,"href":"https:\/\/spasummerclassic.com\/en\/wp-json\/wp\/v2\/pages\/1099"}],"wp:featuredmedia":[{"embeddable":true,"href":"https:\/\/spasummerclassic.com\/en\/wp-json\/wp\/v2\/media\/1239"}],"wp:attachment":[{"href":"https:\/\/spasummerclassic.com\/en\/wp-json\/wp\/v2\/media?parent=1258"}],"curies":[{"name":"wp","href":"https:\/\/api.w.org\/{rel}","templated":true}]}}