{"id":1814,"date":"2022-03-10T15:28:37","date_gmt":"2022-03-10T14:28:37","guid":{"rendered":"https:\/\/spasummerclassic.com\/?page_id=1814"},"modified":"2022-04-01T12:29:52","modified_gmt":"2022-04-01T10:29:52","slug":"noise-regulations","status":"publish","type":"page","link":"https:\/\/spasummerclassic.com\/en\/carnet-de-bord\/normes-de-bruit\/","title":{"rendered":"Noise Regulations"},"content":{"rendered":"<div data-elementor-type=\"wp-page\" data-elementor-id=\"1814\" class=\"elementor elementor-1814\" data-elementor-post-type=\"page\">\n\t\t\t\t\t\t<section class=\"elementor-section elementor-top-section elementor-element elementor-element-7058c51 elementor-section-stretched elementor-section-full_width elementor-section-height-default elementor-section-height-default\" data-id=\"7058c51\" data-element_type=\"section\" data-e-type=\"section\" data-settings=\"{&quot;stretch_section&quot;:&quot;section-stretched&quot;,&quot;background_background&quot;:&quot;classic&quot;}\">\n\t\t\t\t\t\t<div class=\"elementor-container elementor-column-gap-no\">\n\t\t\t\t\t<div class=\"elementor-column elementor-col-100 elementor-top-column elementor-element elementor-element-2e04dc95\" data-id=\"2e04dc95\" data-element_type=\"column\" data-e-type=\"column\">\n\t\t\t<div class=\"elementor-widget-wrap elementor-element-populated\">\n\t\t\t\t\t\t<div class=\"elementor-element elementor-element-3509067a elementor-nav-menu__align-center elementor-nav-menu--dropdown-mobile elementor-nav-menu__text-align-center elementor-widget elementor-widget-nav-menu\" data-id=\"3509067a\" data-element_type=\"widget\" data-e-type=\"widget\" data-settings=\"{&quot;layout&quot;:&quot;horizontal&quot;,&quot;submenu_icon&quot;:{&quot;value&quot;:&quot;&lt;i class=\\&quot;fas fa-caret-down\\&quot; aria-hidden=\\&quot;true\\&quot;&gt;&lt;\\\/i&gt;&quot;,&quot;library&quot;:&quot;fa-solid&quot;}}\" data-widget_type=\"nav-menu.default\">\n\t\t\t\t<div class=\"elementor-widget-container\">\n\t\t\t\t\t\t\t\t<nav aria-label=\"Menu\" class=\"elementor-nav-menu--main elementor-nav-menu__container elementor-nav-menu--layout-horizontal e--pointer-none\">\n\t\t\t\t<ul id=\"menu-1-3509067a\" class=\"elementor-nav-menu\"><li class=\"menu-item menu-item-type-post_type menu-item-object-page menu-item-1040\"><a href=\"https:\/\/spasummerclassic.com\/en\/acces-pilote\/\" class=\"elementor-item\">Drivers Info<\/a><\/li>\n<li class=\"menu-item menu-item-type-post_type menu-item-object-page menu-item-1098\"><a href=\"https:\/\/spasummerclassic.com\/en\/essaislibres-back\/\" class=\"elementor-item\">UNTIMED OPEN PRACTICE<\/a><\/li>\n<li class=\"menu-item menu-item-type-post_type menu-item-object-page menu-item-1959\"><a href=\"https:\/\/spasummerclassic.com\/en\/carnet-de-bord\/\" class=\"elementor-item\">LOGBOOK<\/a><\/li>\n<li class=\"menu-item menu-item-type-custom menu-item-object-custom menu-item-1041\"><a target=\"_blank\" href=\"http:\/\/roadbook.alkamelsystems.com\/\" class=\"elementor-item\">Results<\/a><\/li>\n<\/ul>\t\t\t<\/nav>\n\t\t\t\t\t\t<nav class=\"elementor-nav-menu--dropdown elementor-nav-menu__container\" aria-hidden=\"true\">\n\t\t\t\t<ul id=\"menu-2-3509067a\" class=\"elementor-nav-menu\"><li class=\"menu-item menu-item-type-post_type menu-item-object-page menu-item-1040\"><a href=\"https:\/\/spasummerclassic.com\/en\/acces-pilote\/\" class=\"elementor-item\" tabindex=\"-1\">Drivers Info<\/a><\/li>\n<li class=\"menu-item menu-item-type-post_type menu-item-object-page menu-item-1098\"><a href=\"https:\/\/spasummerclassic.com\/en\/essaislibres-back\/\" class=\"elementor-item\" tabindex=\"-1\">UNTIMED OPEN PRACTICE<\/a><\/li>\n<li class=\"menu-item menu-item-type-post_type menu-item-object-page menu-item-1959\"><a href=\"https:\/\/spasummerclassic.com\/en\/carnet-de-bord\/\" class=\"elementor-item\" tabindex=\"-1\">LOGBOOK<\/a><\/li>\n<li class=\"menu-item menu-item-type-custom menu-item-object-custom menu-item-1041\"><a target=\"_blank\" href=\"http:\/\/roadbook.alkamelsystems.com\/\" class=\"elementor-item\" tabindex=\"-1\">Results<\/a><\/li>\n<\/ul>\t\t\t<\/nav>\n\t\t\t\t\t\t<\/div>\n\t\t\t\t<\/div>\n\t\t\t\t\t<\/div>\n\t\t<\/div>\n\t\t\t\t\t<\/div>\n\t\t<\/section>\n\t\t\t\t<section class=\"elementor-section elementor-top-section elementor-element elementor-element-36d0d13 elementor-section-full_width elementor-section-height-min-height elementor-section-stretched elementor-section-content-middle elementor-section-height-default elementor-section-items-middle\" data-id=\"36d0d13\" data-element_type=\"section\" data-e-type=\"section\" data-settings=\"{&quot;stretch_section&quot;:&quot;section-stretched&quot;,&quot;background_background&quot;:&quot;classic&quot;}\">\n\t\t\t\t\t\t\t<div class=\"elementor-background-overlay\"><\/div>\n\t\t\t\t\t\t\t<div class=\"elementor-container elementor-column-gap-extended\">\n\t\t\t\t\t<div class=\"elementor-column elementor-col-100 elementor-top-column elementor-element elementor-element-60a3c0ed\" data-id=\"60a3c0ed\" data-element_type=\"column\" data-e-type=\"column\" data-settings=\"{&quot;background_background&quot;:&quot;slideshow&quot;,&quot;background_slideshow_gallery&quot;:[],&quot;background_slideshow_loop&quot;:&quot;yes&quot;,&quot;background_slideshow_slide_duration&quot;:5000,&quot;background_slideshow_slide_transition&quot;:&quot;fade&quot;,&quot;background_slideshow_transition_duration&quot;:500}\">\n\t\t\t<div class=\"elementor-widget-wrap elementor-element-populated\">\n\t\t\t\t\t\t\t<\/div>\n\t\t<\/div>\n\t\t\t\t\t<\/div>\n\t\t<\/section>\n\t\t\t\t<section class=\"elementor-section elementor-top-section elementor-element elementor-element-954d26d elementor-section-boxed elementor-section-height-default elementor-section-height-default\" data-id=\"954d26d\" data-element_type=\"section\" data-e-type=\"section\">\n\t\t\t\t\t\t<div class=\"elementor-container elementor-column-gap-extended\">\n\t\t\t\t\t<div class=\"elementor-column elementor-col-100 elementor-top-column elementor-element elementor-element-40f47f73\" data-id=\"40f47f73\" data-element_type=\"column\" data-e-type=\"column\">\n\t\t\t<div class=\"elementor-widget-wrap\">\n\t\t\t\t\t\t\t<\/div>\n\t\t<\/div>\n\t\t\t\t\t<\/div>\n\t\t<\/section>\n\t\t\t\t<section class=\"elementor-section elementor-top-section elementor-element elementor-element-7c21370 elementor-section-boxed elementor-section-height-default elementor-section-height-default\" data-id=\"7c21370\" data-element_type=\"section\" data-e-type=\"section\">\n\t\t\t\t\t\t<div class=\"elementor-container elementor-column-gap-extended\">\n\t\t\t\t\t<div class=\"elementor-column elementor-col-100 elementor-top-column elementor-element elementor-element-b750a23 elementor-invisible\" data-id=\"b750a23\" data-element_type=\"column\" data-e-type=\"column\" data-settings=\"{&quot;background_background&quot;:&quot;classic&quot;,&quot;animation&quot;:&quot;fadeInUp&quot;}\">\n\t\t\t<div class=\"elementor-widget-wrap elementor-element-populated\">\n\t\t\t\t\t\t<div class=\"elementor-element elementor-element-c017f73 elementor-widget elementor-widget-heading\" data-id=\"c017f73\" data-element_type=\"widget\" data-e-type=\"widget\" data-widget_type=\"heading.default\">\n\t\t\t\t<div class=\"elementor-widget-container\">\n\t\t\t\t\t<h3 class=\"elementor-heading-title elementor-size-default\">Noise Regulations<\/h3>\t\t\t\t<\/div>\n\t\t\t\t<\/div>\n\t\t\t\t<div class=\"elementor-element elementor-element-e244f81 elementor-widget elementor-widget-text-editor\" data-id=\"e244f81\" data-element_type=\"widget\" data-e-type=\"widget\" data-widget_type=\"text-editor.default\">\n\t\t\t\t<div class=\"elementor-widget-container\">\n\t\t\t\t\t\t\t\t\t<p><em>Official communication from<i>the management of the Spa-Francorchamps circuit<\/i><\/em><\/p>\t\t\t\t\t\t\t\t<\/div>\n\t\t\t\t<\/div>\n\t\t\t\t<div class=\"elementor-element elementor-element-81cdb1b elementor-widget elementor-widget-text-editor\" data-id=\"81cdb1b\" data-element_type=\"widget\" data-e-type=\"widget\" data-widget_type=\"text-editor.default\">\n\t\t\t\t<div class=\"elementor-widget-container\">\n\t\t\t\t\t\t\t\t\t<div class=\"elementor-element elementor-element-ca558fa sc_fly_static elementor-widget elementor-widget-text-editor\" data-id=\"ca558fa\" data-element_type=\"widget\" data-widget_type=\"text-editor.default\"><div class=\"elementor-widget-container\"><div class=\"elementor-text-editor elementor-clearfix\"><div>Regardless of the car, drivers must respect the noise standards set by the circuit.<\/div><\/div><\/div><\/div><div class=\"elementor-element elementor-element-426e6a5 sc_fly_static elementor-widget elementor-widget-text-editor\" data-id=\"426e6a5\" data-element_type=\"widget\" data-settings=\"{&quot;_animation&quot;:&quot;none&quot;}\" data-widget_type=\"text-editor.default\"><div class=\"elementor-widget-container\"><div class=\"elementor-text-editor elementor-clearfix\"><strong><br \/>The maximum noise level allowed is mentioned for each race in the meeting schedule.<\/strong><\/div><\/div><\/div><div class=\"elementor-element elementor-element-727173f sc_fly_static elementor-widget elementor-widget-text-editor\" data-id=\"727173f\" data-element_type=\"widget\" data-settings=\"{&quot;_animation&quot;:&quot;none&quot;}\" data-widget_type=\"text-editor.default\"><div class=\"elementor-widget-container\"><div class=\"elementor-text-editor elementor-clearfix\"><p><br \/>This is the maximum sound level per car, on the track (dynamic control), measured at 15 m from the track centreline.<\/p><p>If the noise limit is not respected, the car is stopped and a static check is performed.<\/p><p>However, if it is found that the car exceeds the maximum allowed three consecutive times during the dynamic control, it will be excluded from the meeting.<\/p><\/div><\/div><\/div>\t\t\t\t\t\t\t\t<\/div>\n\t\t\t\t<\/div>\n\t\t\t\t\t<\/div>\n\t\t<\/div>\n\t\t\t\t\t<\/div>\n\t\t<\/section>\n\t\t\t\t<\/div>","protected":false},"excerpt":{"rendered":"<p>Normes de bruit Communication officielle de la direction du circuit de Spa-Francorchamps Quelle que soit la voiture, les pilotes doivent respecter les normes sonores fix\u00e9es par le circuit.Le niveau sonore maximum autoris\u00e9 est mentionn\u00e9 pour chaque course dans l\u2019horaire du meeting. Il s\u2019agit du niveau sonore maximal par voiture, sur la piste (contr\u00f4le dynamique), mesur\u00e9 [&hellip;]<\/p>\n","protected":false},"author":3,"featured_media":1303,"parent":1099,"menu_order":0,"comment_status":"closed","ping_status":"closed","template":"elementor_header_footer","meta":{"footnotes":""},"class_list":["post-1814","page","type-page","status-publish","has-post-thumbnail","hentry"],"_links":{"self":[{"href":"https:\/\/spasummerclassic.com\/en\/wp-json\/wp\/v2\/pages\/1814","targetHints":{"allow":["GET"]}}],"collection":[{"href":"https:\/\/spasummerclassic.com\/en\/wp-json\/wp\/v2\/pages"}],"about":[{"href":"https:\/\/spasummerclassic.com\/en\/wp-json\/wp\/v2\/types\/page"}],"author":[{"embeddable":true,"href":"https:\/\/spasummerclassic.com\/en\/wp-json\/wp\/v2\/users\/3"}],"replies":[{"embeddable":true,"href":"https:\/\/spasummerclassic.com\/en\/wp-json\/wp\/v2\/comments?post=1814"}],"version-history":[{"count":13,"href":"https:\/\/spasummerclassic.com\/en\/wp-json\/wp\/v2\/pages\/1814\/revisions"}],"predecessor-version":[{"id":2537,"href":"https:\/\/spasummerclassic.com\/en\/wp-json\/wp\/v2\/pages\/1814\/revisions\/2537"}],"up":[{"embeddable":true,"href":"https:\/\/spasummerclassic.com\/en\/wp-json\/wp\/v2\/pages\/1099"}],"wp:featuredmedia":[{"embeddable":true,"href":"https:\/\/spasummerclassic.com\/en\/wp-json\/wp\/v2\/media\/1303"}],"wp:attachment":[{"href":"https:\/\/spasummerclassic.com\/en\/wp-json\/wp\/v2\/media?parent=1814"}],"curies":[{"name":"wp","href":"https:\/\/api.w.org\/{rel}","templated":true}]}}