{"id":1819,"date":"2022-03-10T15:32:03","date_gmt":"2022-03-10T14:32:03","guid":{"rendered":"https:\/\/spasummerclassic.com\/?page_id=1819"},"modified":"2022-04-01T12:29:57","modified_gmt":"2022-04-01T10:29:57","slug":"autorisation-radio-communication","status":"publish","type":"page","link":"https:\/\/spasummerclassic.com\/fr\/carnet-de-bord\/autorisation-radio-communication\/","title":{"rendered":"Autorisation Radio-Communication"},"content":{"rendered":"\t\t<div data-elementor-type=\"wp-page\" data-elementor-id=\"1819\" class=\"elementor elementor-1819\" data-elementor-post-type=\"page\">\n\t\t\t\t\t\t<section class=\"elementor-section elementor-top-section elementor-element elementor-element-1cfe8e2 elementor-section-stretched elementor-section-full_width elementor-section-height-default elementor-section-height-default\" data-id=\"1cfe8e2\" data-element_type=\"section\" data-e-type=\"section\" data-settings=\"{&quot;stretch_section&quot;:&quot;section-stretched&quot;,&quot;background_background&quot;:&quot;classic&quot;}\">\n\t\t\t\t\t\t<div class=\"elementor-container elementor-column-gap-no\">\n\t\t\t\t\t<div class=\"elementor-column elementor-col-100 elementor-top-column elementor-element elementor-element-46792955\" data-id=\"46792955\" data-element_type=\"column\" data-e-type=\"column\">\n\t\t\t<div class=\"elementor-widget-wrap elementor-element-populated\">\n\t\t\t\t\t\t<div class=\"elementor-element elementor-element-4599605e elementor-nav-menu__align-center elementor-nav-menu--dropdown-mobile elementor-nav-menu__text-align-center elementor-widget elementor-widget-nav-menu\" data-id=\"4599605e\" data-element_type=\"widget\" data-e-type=\"widget\" data-settings=\"{&quot;layout&quot;:&quot;horizontal&quot;,&quot;submenu_icon&quot;:{&quot;value&quot;:&quot;&lt;i class=\\&quot;fas fa-caret-down\\&quot; aria-hidden=\\&quot;true\\&quot;&gt;&lt;\\\/i&gt;&quot;,&quot;library&quot;:&quot;fa-solid&quot;}}\" data-widget_type=\"nav-menu.default\">\n\t\t\t\t<div class=\"elementor-widget-container\">\n\t\t\t\t\t\t\t\t<nav aria-label=\"Menu\" class=\"elementor-nav-menu--main elementor-nav-menu__container elementor-nav-menu--layout-horizontal e--pointer-none\">\n\t\t\t\t<ul id=\"menu-1-4599605e\" class=\"elementor-nav-menu\"><li class=\"menu-item menu-item-type-post_type menu-item-object-page menu-item-1040\"><a href=\"https:\/\/spasummerclassic.com\/fr\/acces-pilote\/\" class=\"elementor-item\">Infos pilotes<\/a><\/li>\n<li class=\"menu-item menu-item-type-post_type menu-item-object-page menu-item-1098\"><a href=\"https:\/\/spasummerclassic.com\/fr\/essaislibres-back\/\" class=\"elementor-item\">Essais libres<\/a><\/li>\n<li class=\"menu-item menu-item-type-post_type menu-item-object-page menu-item-1959\"><a href=\"https:\/\/spasummerclassic.com\/fr\/carnet-de-bord\/\" class=\"elementor-item\">Carnet de bord<\/a><\/li>\n<li class=\"menu-item menu-item-type-custom menu-item-object-custom menu-item-1041\"><a target=\"_blank\" href=\"http:\/\/roadbook.alkamelsystems.com\/\" class=\"elementor-item\">Classements<\/a><\/li>\n<\/ul>\t\t\t<\/nav>\n\t\t\t\t\t\t<nav class=\"elementor-nav-menu--dropdown elementor-nav-menu__container\" aria-hidden=\"true\">\n\t\t\t\t<ul id=\"menu-2-4599605e\" class=\"elementor-nav-menu\"><li class=\"menu-item menu-item-type-post_type menu-item-object-page menu-item-1040\"><a href=\"https:\/\/spasummerclassic.com\/fr\/acces-pilote\/\" class=\"elementor-item\" tabindex=\"-1\">Infos pilotes<\/a><\/li>\n<li class=\"menu-item menu-item-type-post_type menu-item-object-page menu-item-1098\"><a href=\"https:\/\/spasummerclassic.com\/fr\/essaislibres-back\/\" class=\"elementor-item\" tabindex=\"-1\">Essais libres<\/a><\/li>\n<li class=\"menu-item menu-item-type-post_type menu-item-object-page menu-item-1959\"><a href=\"https:\/\/spasummerclassic.com\/fr\/carnet-de-bord\/\" class=\"elementor-item\" tabindex=\"-1\">Carnet de bord<\/a><\/li>\n<li class=\"menu-item menu-item-type-custom menu-item-object-custom menu-item-1041\"><a target=\"_blank\" href=\"http:\/\/roadbook.alkamelsystems.com\/\" class=\"elementor-item\" tabindex=\"-1\">Classements<\/a><\/li>\n<\/ul>\t\t\t<\/nav>\n\t\t\t\t\t\t<\/div>\n\t\t\t\t<\/div>\n\t\t\t\t\t<\/div>\n\t\t<\/div>\n\t\t\t\t\t<\/div>\n\t\t<\/section>\n\t\t\t\t<section class=\"elementor-section elementor-top-section elementor-element elementor-element-36d0d13 elementor-section-full_width elementor-section-height-min-height elementor-section-stretched elementor-section-content-middle elementor-section-height-default elementor-section-items-middle\" data-id=\"36d0d13\" data-element_type=\"section\" data-e-type=\"section\" data-settings=\"{&quot;stretch_section&quot;:&quot;section-stretched&quot;,&quot;background_background&quot;:&quot;classic&quot;}\">\n\t\t\t\t\t\t\t<div class=\"elementor-background-overlay\"><\/div>\n\t\t\t\t\t\t\t<div class=\"elementor-container elementor-column-gap-extended\">\n\t\t\t\t\t<div class=\"elementor-column elementor-col-100 elementor-top-column elementor-element elementor-element-60a3c0ed\" data-id=\"60a3c0ed\" data-element_type=\"column\" data-e-type=\"column\" data-settings=\"{&quot;background_background&quot;:&quot;slideshow&quot;,&quot;background_slideshow_gallery&quot;:[],&quot;background_slideshow_loop&quot;:&quot;yes&quot;,&quot;background_slideshow_slide_duration&quot;:5000,&quot;background_slideshow_slide_transition&quot;:&quot;fade&quot;,&quot;background_slideshow_transition_duration&quot;:500}\">\n\t\t\t<div class=\"elementor-widget-wrap elementor-element-populated\">\n\t\t\t\t\t\t\t<\/div>\n\t\t<\/div>\n\t\t\t\t\t<\/div>\n\t\t<\/section>\n\t\t\t\t<section class=\"elementor-section elementor-top-section elementor-element elementor-element-954d26d elementor-section-boxed elementor-section-height-default elementor-section-height-default\" data-id=\"954d26d\" data-element_type=\"section\" data-e-type=\"section\">\n\t\t\t\t\t\t<div class=\"elementor-container elementor-column-gap-extended\">\n\t\t\t\t\t<div class=\"elementor-column elementor-col-100 elementor-top-column elementor-element elementor-element-40f47f73\" data-id=\"40f47f73\" data-element_type=\"column\" data-e-type=\"column\">\n\t\t\t<div class=\"elementor-widget-wrap\">\n\t\t\t\t\t\t\t<\/div>\n\t\t<\/div>\n\t\t\t\t\t<\/div>\n\t\t<\/section>\n\t\t\t\t<section class=\"elementor-section elementor-top-section elementor-element elementor-element-7c21370 elementor-section-boxed elementor-section-height-default elementor-section-height-default\" data-id=\"7c21370\" data-element_type=\"section\" data-e-type=\"section\">\n\t\t\t\t\t\t<div class=\"elementor-container elementor-column-gap-extended\">\n\t\t\t\t\t<div class=\"elementor-column elementor-col-100 elementor-top-column elementor-element elementor-element-b750a23 elementor-invisible\" data-id=\"b750a23\" data-element_type=\"column\" data-e-type=\"column\" data-settings=\"{&quot;background_background&quot;:&quot;classic&quot;,&quot;animation&quot;:&quot;fadeInUp&quot;}\">\n\t\t\t<div class=\"elementor-widget-wrap elementor-element-populated\">\n\t\t\t\t\t\t<div class=\"elementor-element elementor-element-c017f73 elementor-widget elementor-widget-heading\" data-id=\"c017f73\" data-element_type=\"widget\" data-e-type=\"widget\" data-widget_type=\"heading.default\">\n\t\t\t\t<div class=\"elementor-widget-container\">\n\t\t\t\t\t<h3 class=\"elementor-heading-title elementor-size-default\">Autorisation Radio Communication\n<\/h3>\t\t\t\t<\/div>\n\t\t\t\t<\/div>\n\t\t\t\t<div class=\"elementor-element elementor-element-e244f81 elementor-widget elementor-widget-text-editor\" data-id=\"e244f81\" data-element_type=\"widget\" data-e-type=\"widget\" data-widget_type=\"text-editor.default\">\n\t\t\t\t<div class=\"elementor-widget-container\">\n\t\t\t\t\t\t\t\t\t<p><em>Communication officielle d<i>e l\u2019Institut belge des services postaux et des t\u00e9l\u00e9communications (IBPT)<\/i><\/em><\/p>\t\t\t\t\t\t\t\t<\/div>\n\t\t\t\t<\/div>\n\t\t\t\t<div class=\"elementor-element elementor-element-3ad0a83 elementor-invisible elementor-widget elementor-widget-text-editor\" data-id=\"3ad0a83\" data-element_type=\"widget\" data-e-type=\"widget\" data-settings=\"{&quot;_animation&quot;:&quot;fadeIn&quot;}\" data-widget_type=\"text-editor.default\">\n\t\t\t\t<div class=\"elementor-widget-container\">\n\t\t\t\t\t\t\t\t\t<p>Tout utilisateur de mat\u00e9riel de radiocommunications est dans l\u2019obligation d\u2019\u00eatre en possession du titre d\u2019autorisation pour utiliser son mat\u00e9riel sur le circuit de Spa-Francorchamps lors du meeting des Spa Six Hours.<\/p><p>Des contr\u00f4les seront r\u00e9alis\u00e9s par l\u2019IBPT \u00e0 Spa-Francorchamps et peuvent entra\u00eener, en cas de non-respect de la l\u00e9gislation, une proc\u00e9dure juridique et une saisie des \u00e9quipements radio\u00e9lectriques.<\/p><p>Il est donc imp\u00e9ratif d\u2019introduire les demandes d\u2019obtention des autorisations requises <span style=\"text-decoration: underline;\"><strong><a href=\"https:\/\/www.ibpt.be\/consommateurs\/reseaux-mobiles\" target=\"_blank\" rel=\"noopener\">via le site Internet de l&rsquo;IBPT<\/a><\/strong><\/span>.<\/p><p>Lire \u00e9galement : <strong><a href=\"https:\/\/www.ibpt.be\/consommateurs\/evenements\" target=\"_blank\" rel=\"noopener\">https:\/\/www.ibpt.be\/consommateurs\/evenements<\/a><\/strong><\/p><p>L\u2019IBPT signale \u00e9galement que le mat\u00e9riel utilis\u00e9 doit \u00eatre conforme \u00e0 la r\u00e9glementation.<\/p><p>Certaines soci\u00e9t\u00e9s fourniraient du mat\u00e9riel non conforme. Une des conditions sine qua non pour qu\u2019un mat\u00e9riel soit conforme est qu\u2019il soit porteur du<br \/>marquage \u00ab CE \u00bb .<\/p><p>Pour dire les choses plaisamment, il ne faut pas confondre le marquage \u00ab CE \u00bb avec celui de \u00ab China Export \u00bb : Tout mat\u00e9riel non conforme sera saisi par l\u2019IBPT<\/p><p><img decoding=\"async\" class=\"alignleft size-full wp-image-6592\" src=\"http:\/\/spasummerclassic.com\/wp-content\/uploads\/2021\/04\/non_compliant_radio-300x138-1.jpeg\" alt=\"\" width=\"300\" height=\"138\" \/><\/p>\t\t\t\t\t\t\t\t<\/div>\n\t\t\t\t<\/div>\n\t\t\t\t\t<\/div>\n\t\t<\/div>\n\t\t\t\t\t<\/div>\n\t\t<\/section>\n\t\t\t\t<\/div>\n\t\t","protected":false},"excerpt":{"rendered":"<p>Autorisation Radio Communication Communication officielle de l\u2019Institut belge des services postaux et des t\u00e9l\u00e9communications (IBPT) Tout utilisateur de mat\u00e9riel de radiocommunications est dans l\u2019obligation d\u2019\u00eatre en possession du titre d\u2019autorisation pour utiliser son mat\u00e9riel sur le circuit de Spa-Francorchamps lors du meeting des Spa Six Hours. Des contr\u00f4les seront r\u00e9alis\u00e9s par l\u2019IBPT \u00e0 Spa-Francorchamps et [&hellip;]<\/p>\n","protected":false},"author":3,"featured_media":1303,"parent":1099,"menu_order":0,"comment_status":"closed","ping_status":"closed","template":"elementor_header_footer","meta":{"footnotes":""},"class_list":["post-1819","page","type-page","status-publish","has-post-thumbnail","hentry"],"_links":{"self":[{"href":"https:\/\/spasummerclassic.com\/fr\/wp-json\/wp\/v2\/pages\/1819","targetHints":{"allow":["GET"]}}],"collection":[{"href":"https:\/\/spasummerclassic.com\/fr\/wp-json\/wp\/v2\/pages"}],"about":[{"href":"https:\/\/spasummerclassic.com\/fr\/wp-json\/wp\/v2\/types\/page"}],"author":[{"embeddable":true,"href":"https:\/\/spasummerclassic.com\/fr\/wp-json\/wp\/v2\/users\/3"}],"replies":[{"embeddable":true,"href":"https:\/\/spasummerclassic.com\/fr\/wp-json\/wp\/v2\/comments?post=1819"}],"version-history":[{"count":16,"href":"https:\/\/spasummerclassic.com\/fr\/wp-json\/wp\/v2\/pages\/1819\/revisions"}],"predecessor-version":[{"id":2540,"href":"https:\/\/spasummerclassic.com\/fr\/wp-json\/wp\/v2\/pages\/1819\/revisions\/2540"}],"up":[{"embeddable":true,"href":"https:\/\/spasummerclassic.com\/fr\/wp-json\/wp\/v2\/pages\/1099"}],"wp:featuredmedia":[{"embeddable":true,"href":"https:\/\/spasummerclassic.com\/fr\/wp-json\/wp\/v2\/media\/1303"}],"wp:attachment":[{"href":"https:\/\/spasummerclassic.com\/fr\/wp-json\/wp\/v2\/media?parent=1819"}],"curies":[{"name":"wp","href":"https:\/\/api.w.org\/{rel}","templated":true}]}}