{"id":3138,"date":"2023-03-15T18:52:55","date_gmt":"2023-03-15T17:52:55","guid":{"rendered":"https:\/\/spasummerclassic.com\/?page_id=3138"},"modified":"2023-03-16T00:21:17","modified_gmt":"2023-03-15T23:21:17","slug":"espaces-privatifs","status":"publish","type":"page","link":"https:\/\/spasummerclassic.com\/fr\/espaces-privatifs\/","title":{"rendered":"Espaces Privatifs"},"content":{"rendered":"\t\t<div data-elementor-type=\"wp-page\" data-elementor-id=\"3138\" class=\"elementor elementor-3138\" data-elementor-post-type=\"page\">\n\t\t\t\t\t\t<section class=\"elementor-section elementor-top-section elementor-element elementor-element-faa1375 elementor-section-full_width elementor-section-height-min-height elementor-section-stretched elementor-section-content-bottom elementor-section-height-default elementor-section-items-middle\" data-id=\"faa1375\" data-element_type=\"section\" data-e-type=\"section\" data-settings=\"{&quot;stretch_section&quot;:&quot;section-stretched&quot;,&quot;background_background&quot;:&quot;classic&quot;}\">\n\t\t\t\t\t\t\t<div class=\"elementor-background-overlay\"><\/div>\n\t\t\t\t\t\t\t<div class=\"elementor-container elementor-column-gap-extended\">\n\t\t\t\t\t<div class=\"elementor-column elementor-col-100 elementor-top-column elementor-element elementor-element-c5b07d8\" data-id=\"c5b07d8\" data-element_type=\"column\" data-e-type=\"column\" data-settings=\"{&quot;background_background&quot;:&quot;slideshow&quot;,&quot;background_slideshow_gallery&quot;:[],&quot;background_slideshow_loop&quot;:&quot;yes&quot;,&quot;background_slideshow_slide_duration&quot;:5000,&quot;background_slideshow_slide_transition&quot;:&quot;fade&quot;,&quot;background_slideshow_transition_duration&quot;:500}\">\n\t\t\t<div class=\"elementor-widget-wrap\">\n\t\t\t\t\t\t\t<\/div>\n\t\t<\/div>\n\t\t\t\t\t<\/div>\n\t\t<\/section>\n\t\t\t\t<section class=\"elementor-section elementor-top-section elementor-element elementor-element-1db5c68 elementor-section-full_width elementor-section-height-min-height elementor-section-stretched elementor-section-content-bottom elementor-section-height-default elementor-section-items-middle\" data-id=\"1db5c68\" data-element_type=\"section\" data-e-type=\"section\" data-settings=\"{&quot;stretch_section&quot;:&quot;section-stretched&quot;,&quot;background_background&quot;:&quot;classic&quot;}\">\n\t\t\t\t\t\t\t<div class=\"elementor-background-overlay\"><\/div>\n\t\t\t\t\t\t\t<div class=\"elementor-container elementor-column-gap-extended\">\n\t\t\t\t\t<div class=\"elementor-column elementor-col-100 elementor-top-column elementor-element elementor-element-167ad50d\" data-id=\"167ad50d\" data-element_type=\"column\" data-e-type=\"column\" data-settings=\"{&quot;background_background&quot;:&quot;slideshow&quot;,&quot;background_slideshow_gallery&quot;:[],&quot;background_slideshow_loop&quot;:&quot;yes&quot;,&quot;background_slideshow_slide_duration&quot;:5000,&quot;background_slideshow_slide_transition&quot;:&quot;fade&quot;,&quot;background_slideshow_transition_duration&quot;:500}\">\n\t\t\t<div class=\"elementor-widget-wrap elementor-element-populated\">\n\t\t\t\t\t\t<div class=\"elementor-element elementor-element-4edf01cc elementor-invisible elementor-widget elementor-widget-heading\" data-id=\"4edf01cc\" data-element_type=\"widget\" data-e-type=\"widget\" data-settings=\"{&quot;_animation&quot;:&quot;fadeInDown&quot;,&quot;_animation_delay&quot;:400}\" data-widget_type=\"heading.default\">\n\t\t\t\t<div class=\"elementor-widget-container\">\n\t\t\t\t\t<h4 class=\"elementor-heading-title elementor-size-default\">ESPACES PRIVATIFS<\/h4>\t\t\t\t<\/div>\n\t\t\t\t<\/div>\n\t\t\t\t\t<\/div>\n\t\t<\/div>\n\t\t\t\t\t<\/div>\n\t\t<\/section>\n\t\t\t\t<section class=\"elementor-section elementor-top-section elementor-element elementor-element-efe25c5 elementor-section-full_width elementor-section-stretched elementor-section-content-middle elementor-section-height-default elementor-section-height-default\" data-id=\"efe25c5\" data-element_type=\"section\" data-e-type=\"section\" data-settings=\"{&quot;stretch_section&quot;:&quot;section-stretched&quot;}\">\n\t\t\t\t\t\t<div class=\"elementor-container elementor-column-gap-extended\">\n\t\t\t\t\t<div class=\"elementor-column elementor-col-50 elementor-top-column elementor-element elementor-element-2faa0352\" data-id=\"2faa0352\" data-element_type=\"column\" data-e-type=\"column\">\n\t\t\t<div class=\"elementor-widget-wrap elementor-element-populated\">\n\t\t\t\t\t\t<div class=\"elementor-element elementor-element-17bd3400 elementor-invisible elementor-widget elementor-widget-text-editor\" data-id=\"17bd3400\" data-element_type=\"widget\" data-e-type=\"widget\" data-settings=\"{&quot;_animation&quot;:&quot;fadeIn&quot;}\" data-widget_type=\"text-editor.default\">\n\t\t\t\t<div class=\"elementor-widget-container\">\n\t\t\t\t\t\t\t\t\tB\u00e9n\u00e9ficiez d&rsquo;une vue panoramique exceptionnelle ainsi que d&rsquo;une cuisine de qualit\u00e9, le tout dans un environnement confortable et privatis\u00e9.\n\nLe Spa Summer Classic est l&rsquo;endroit id\u00e9al pour organiser votre prochain \u00e9v\u00e9nement, que ce soit pour tisser des liens avec des clients, lancer un nouveau produit, r\u00e9compenser votre personnel ou simplement offrir une exp\u00e9rience unique.\n\nInformations et contact : <a href=\"mailto:hospitality@roadbook.net\">hospitality@roadbook.net<\/a>\n\n\t\t\t\t\t\t\t\t<\/div>\n\t\t\t\t<\/div>\n\t\t\t\t\t<\/div>\n\t\t<\/div>\n\t\t\t\t<div class=\"elementor-column elementor-col-50 elementor-top-column elementor-element elementor-element-6ec89833\" data-id=\"6ec89833\" data-element_type=\"column\" data-e-type=\"column\" data-settings=\"{&quot;background_background&quot;:&quot;classic&quot;}\">\n\t\t\t<div class=\"elementor-widget-wrap elementor-element-populated\">\n\t\t\t\t\t\t<div class=\"elementor-element elementor-element-7708f8f elementor-widget elementor-widget-spacer\" data-id=\"7708f8f\" data-element_type=\"widget\" data-e-type=\"widget\" data-widget_type=\"spacer.default\">\n\t\t\t\t<div class=\"elementor-widget-container\">\n\t\t\t\t\t\t\t<div class=\"elementor-spacer\">\n\t\t\t<div class=\"elementor-spacer-inner\"><\/div>\n\t\t<\/div>\n\t\t\t\t\t\t<\/div>\n\t\t\t\t<\/div>\n\t\t\t\t\t<\/div>\n\t\t<\/div>\n\t\t\t\t\t<\/div>\n\t\t<\/section>\n\t\t\t\t<section class=\"elementor-section elementor-top-section elementor-element elementor-element-a0b66fc elementor-section-full_width elementor-section-stretched elementor-section-content-middle elementor-section-height-default elementor-section-height-default\" data-id=\"a0b66fc\" data-element_type=\"section\" data-e-type=\"section\" data-settings=\"{&quot;stretch_section&quot;:&quot;section-stretched&quot;}\">\n\t\t\t\t\t\t<div class=\"elementor-container elementor-column-gap-extended\">\n\t\t\t\t\t<div class=\"elementor-column elementor-col-100 elementor-top-column elementor-element elementor-element-d0e262d\" data-id=\"d0e262d\" data-element_type=\"column\" data-e-type=\"column\" data-settings=\"{&quot;background_background&quot;:&quot;classic&quot;}\">\n\t\t\t<div class=\"elementor-widget-wrap elementor-element-populated\">\n\t\t\t\t\t\t<div class=\"elementor-element elementor-element-491bdcd8 elementor-widget elementor-widget-spacer\" data-id=\"491bdcd8\" data-element_type=\"widget\" data-e-type=\"widget\" data-widget_type=\"spacer.default\">\n\t\t\t\t<div class=\"elementor-widget-container\">\n\t\t\t\t\t\t\t<div class=\"elementor-spacer\">\n\t\t\t<div class=\"elementor-spacer-inner\"><\/div>\n\t\t<\/div>\n\t\t\t\t\t\t<\/div>\n\t\t\t\t<\/div>\n\t\t\t\t<div class=\"elementor-element elementor-element-f229f3d gallery-spacing-custom elementor-widget elementor-widget-image-gallery\" data-id=\"f229f3d\" data-element_type=\"widget\" data-e-type=\"widget\" data-widget_type=\"image-gallery.default\">\n\t\t\t\t<div class=\"elementor-widget-container\">\n\t\t\t\t\t\t\t<div class=\"elementor-image-gallery\">\n\t\t\t<div id='gallery-1' class='gallery galleryid-3138 gallery-columns-3 gallery-size-full'><figure class='gallery-item'>\n\t\t\t<div class='gallery-icon landscape'>\n\t\t\t\t<img fetchpriority=\"high\" decoding=\"async\" width=\"800\" height=\"800\" src=\"https:\/\/spasummerclassic.com\/wp-content\/uploads\/2023\/03\/SSC_Photo-Espaces-privatifs-1.webp\" class=\"attachment-full size-full\" alt=\"\" srcset=\"https:\/\/spasummerclassic.com\/wp-content\/uploads\/2023\/03\/SSC_Photo-Espaces-privatifs-1.webp 800w, https:\/\/spasummerclassic.com\/wp-content\/uploads\/2023\/03\/SSC_Photo-Espaces-privatifs-1-300x300.webp 300w, https:\/\/spasummerclassic.com\/wp-content\/uploads\/2023\/03\/SSC_Photo-Espaces-privatifs-1-150x150.webp 150w, https:\/\/spasummerclassic.com\/wp-content\/uploads\/2023\/03\/SSC_Photo-Espaces-privatifs-1-768x768.webp 768w, https:\/\/spasummerclassic.com\/wp-content\/uploads\/2023\/03\/SSC_Photo-Espaces-privatifs-1-12x12.webp 12w\" sizes=\"(max-width: 800px) 100vw, 800px\" \/>\n\t\t\t<\/div><\/figure><figure class='gallery-item'>\n\t\t\t<div class='gallery-icon landscape'>\n\t\t\t\t<img decoding=\"async\" width=\"800\" height=\"800\" src=\"https:\/\/spasummerclassic.com\/wp-content\/uploads\/2023\/03\/SSC_Photo-Espaces-privatifs-2.webp\" class=\"attachment-full size-full\" alt=\"\" srcset=\"https:\/\/spasummerclassic.com\/wp-content\/uploads\/2023\/03\/SSC_Photo-Espaces-privatifs-2.webp 800w, https:\/\/spasummerclassic.com\/wp-content\/uploads\/2023\/03\/SSC_Photo-Espaces-privatifs-2-300x300.webp 300w, https:\/\/spasummerclassic.com\/wp-content\/uploads\/2023\/03\/SSC_Photo-Espaces-privatifs-2-150x150.webp 150w, https:\/\/spasummerclassic.com\/wp-content\/uploads\/2023\/03\/SSC_Photo-Espaces-privatifs-2-768x768.webp 768w, https:\/\/spasummerclassic.com\/wp-content\/uploads\/2023\/03\/SSC_Photo-Espaces-privatifs-2-12x12.webp 12w\" sizes=\"(max-width: 800px) 100vw, 800px\" \/>\n\t\t\t<\/div><\/figure><figure class='gallery-item'>\n\t\t\t<div class='gallery-icon landscape'>\n\t\t\t\t<img decoding=\"async\" width=\"800\" height=\"800\" src=\"https:\/\/spasummerclassic.com\/wp-content\/uploads\/2023\/03\/SSC_Photo-Espaces-privatifs-3.webp\" class=\"attachment-full size-full\" alt=\"\" srcset=\"https:\/\/spasummerclassic.com\/wp-content\/uploads\/2023\/03\/SSC_Photo-Espaces-privatifs-3.webp 800w, https:\/\/spasummerclassic.com\/wp-content\/uploads\/2023\/03\/SSC_Photo-Espaces-privatifs-3-300x300.webp 300w, https:\/\/spasummerclassic.com\/wp-content\/uploads\/2023\/03\/SSC_Photo-Espaces-privatifs-3-150x150.webp 150w, https:\/\/spasummerclassic.com\/wp-content\/uploads\/2023\/03\/SSC_Photo-Espaces-privatifs-3-768x768.webp 768w, https:\/\/spasummerclassic.com\/wp-content\/uploads\/2023\/03\/SSC_Photo-Espaces-privatifs-3-12x12.webp 12w\" sizes=\"(max-width: 800px) 100vw, 800px\" \/>\n\t\t\t<\/div><\/figure>\n\t\t<\/div>\n\t\t<\/div>\n\t\t\t\t\t\t<\/div>\n\t\t\t\t<\/div>\n\t\t\t\t\t<\/div>\n\t\t<\/div>\n\t\t\t\t\t<\/div>\n\t\t<\/section>\n\t\t\t\t<\/div>\n\t\t","protected":false},"excerpt":{"rendered":"<p>ESPACES PRIVATIFS B\u00e9n\u00e9ficiez d&rsquo;une vue panoramique exceptionnelle ainsi que d&rsquo;une cuisine de qualit\u00e9, le tout dans un environnement confortable et privatis\u00e9. Le Spa Summer Classic est l&rsquo;endroit id\u00e9al pour organiser votre prochain \u00e9v\u00e9nement, que ce soit pour tisser des liens avec des clients, lancer un nouveau produit, r\u00e9compenser votre personnel ou simplement offrir une exp\u00e9rience [&hellip;]<\/p>\n","protected":false},"author":3,"featured_media":77,"parent":0,"menu_order":0,"comment_status":"closed","ping_status":"closed","template":"","meta":{"footnotes":""},"class_list":["post-3138","page","type-page","status-publish","has-post-thumbnail","hentry"],"_links":{"self":[{"href":"https:\/\/spasummerclassic.com\/fr\/wp-json\/wp\/v2\/pages\/3138","targetHints":{"allow":["GET"]}}],"collection":[{"href":"https:\/\/spasummerclassic.com\/fr\/wp-json\/wp\/v2\/pages"}],"about":[{"href":"https:\/\/spasummerclassic.com\/fr\/wp-json\/wp\/v2\/types\/page"}],"author":[{"embeddable":true,"href":"https:\/\/spasummerclassic.com\/fr\/wp-json\/wp\/v2\/users\/3"}],"replies":[{"embeddable":true,"href":"https:\/\/spasummerclassic.com\/fr\/wp-json\/wp\/v2\/comments?post=3138"}],"version-history":[{"count":11,"href":"https:\/\/spasummerclassic.com\/fr\/wp-json\/wp\/v2\/pages\/3138\/revisions"}],"predecessor-version":[{"id":3282,"href":"https:\/\/spasummerclassic.com\/fr\/wp-json\/wp\/v2\/pages\/3138\/revisions\/3282"}],"wp:featuredmedia":[{"embeddable":true,"href":"https:\/\/spasummerclassic.com\/fr\/wp-json\/wp\/v2\/media\/77"}],"wp:attachment":[{"href":"https:\/\/spasummerclassic.com\/fr\/wp-json\/wp\/v2\/media?parent=3138"}],"curies":[{"name":"wp","href":"https:\/\/api.w.org\/{rel}","templated":true}]}}