{"id":4868,"date":"2025-02-05T11:16:21","date_gmt":"2025-02-05T10:16:21","guid":{"rendered":"https:\/\/spasummerclassic.com\/?page_id=4868"},"modified":"2025-02-05T11:29:50","modified_gmt":"2025-02-05T10:29:50","slug":"tri-selectif","status":"publish","type":"page","link":"https:\/\/spasummerclassic.com\/fr\/tri-selectif\/","title":{"rendered":"Tri s\u00e9lectif"},"content":{"rendered":"\t\t<div data-elementor-type=\"wp-page\" data-elementor-id=\"4868\" class=\"elementor elementor-4868\" data-elementor-post-type=\"page\">\n\t\t\t\t\t\t<section class=\"elementor-section elementor-top-section elementor-element elementor-element-fa0fa63 elementor-section-full_width elementor-section-height-min-height elementor-section-stretched elementor-section-content-bottom elementor-section-height-default elementor-section-items-middle\" data-id=\"fa0fa63\" data-element_type=\"section\" data-e-type=\"section\" data-settings=\"{&quot;stretch_section&quot;:&quot;section-stretched&quot;,&quot;background_background&quot;:&quot;classic&quot;}\">\n\t\t\t\t\t\t\t<div class=\"elementor-background-overlay\"><\/div>\n\t\t\t\t\t\t\t<div class=\"elementor-container elementor-column-gap-extended\">\n\t\t\t\t\t<div class=\"elementor-column elementor-col-100 elementor-top-column elementor-element elementor-element-fcdf2ea\" data-id=\"fcdf2ea\" data-element_type=\"column\" data-e-type=\"column\" data-settings=\"{&quot;background_background&quot;:&quot;slideshow&quot;,&quot;background_slideshow_gallery&quot;:[],&quot;background_slideshow_loop&quot;:&quot;yes&quot;,&quot;background_slideshow_slide_duration&quot;:5000,&quot;background_slideshow_slide_transition&quot;:&quot;fade&quot;,&quot;background_slideshow_transition_duration&quot;:500}\">\n\t\t\t<div class=\"elementor-widget-wrap\">\n\t\t\t\t\t\t\t<\/div>\n\t\t<\/div>\n\t\t\t\t\t<\/div>\n\t\t<\/section>\n\t\t\t\t<section class=\"elementor-section elementor-top-section elementor-element elementor-element-67e0d33 elementor-section-full_width elementor-section-height-min-height elementor-section-stretched elementor-section-content-bottom elementor-section-height-default elementor-section-items-middle\" data-id=\"67e0d33\" data-element_type=\"section\" data-e-type=\"section\" data-settings=\"{&quot;stretch_section&quot;:&quot;section-stretched&quot;,&quot;background_background&quot;:&quot;classic&quot;}\">\n\t\t\t\t\t\t\t<div class=\"elementor-background-overlay\"><\/div>\n\t\t\t\t\t\t\t<div class=\"elementor-container elementor-column-gap-extended\">\n\t\t\t\t\t<div class=\"elementor-column elementor-col-100 elementor-top-column elementor-element elementor-element-8c1001d\" data-id=\"8c1001d\" data-element_type=\"column\" data-e-type=\"column\" data-settings=\"{&quot;background_background&quot;:&quot;slideshow&quot;,&quot;background_slideshow_gallery&quot;:[],&quot;background_slideshow_loop&quot;:&quot;yes&quot;,&quot;background_slideshow_slide_duration&quot;:5000,&quot;background_slideshow_slide_transition&quot;:&quot;fade&quot;,&quot;background_slideshow_transition_duration&quot;:500}\">\n\t\t\t<div class=\"elementor-widget-wrap elementor-element-populated\">\n\t\t\t\t\t\t<div class=\"elementor-element elementor-element-4a810b4 elementor-invisible elementor-widget elementor-widget-heading\" data-id=\"4a810b4\" data-element_type=\"widget\" data-e-type=\"widget\" data-settings=\"{&quot;_animation&quot;:&quot;fadeInDown&quot;,&quot;_animation_delay&quot;:400}\" data-widget_type=\"heading.default\">\n\t\t\t\t<div class=\"elementor-widget-container\">\n\t\t\t\t\t<h4 class=\"elementor-heading-title elementor-size-default\">Tri s\u00e9lectif<\/h4>\t\t\t\t<\/div>\n\t\t\t\t<\/div>\n\t\t\t\t\t<\/div>\n\t\t<\/div>\n\t\t\t\t\t<\/div>\n\t\t<\/section>\n\t\t\t\t<section class=\"elementor-section elementor-top-section elementor-element elementor-element-d2bc4ea elementor-section-stretched elementor-section-content-middle elementor-section-boxed elementor-section-height-default elementor-section-height-default\" data-id=\"d2bc4ea\" data-element_type=\"section\" data-e-type=\"section\" data-settings=\"{&quot;stretch_section&quot;:&quot;section-stretched&quot;}\">\n\t\t\t\t\t\t<div class=\"elementor-container elementor-column-gap-extended\">\n\t\t\t\t\t<div class=\"elementor-column elementor-col-50 elementor-top-column elementor-element elementor-element-98161b0\" data-id=\"98161b0\" data-element_type=\"column\" data-e-type=\"column\">\n\t\t\t<div class=\"elementor-widget-wrap elementor-element-populated\">\n\t\t\t\t\t\t<div class=\"elementor-element elementor-element-7d6f5a6 elementor-invisible elementor-widget elementor-widget-text-editor\" data-id=\"7d6f5a6\" data-element_type=\"widget\" data-e-type=\"widget\" data-settings=\"{&quot;_animation&quot;:&quot;fadeIn&quot;}\" data-widget_type=\"text-editor.default\">\n\t\t\t\t<div class=\"elementor-widget-container\">\n\t\t\t\t\t\t\t\t\t<p>Aidez-nous \u00e0 recycler\u00a0!<\/p><p>Tous les biod\u00e9chets doivent faire l\u2019objet d\u2019un tri sp\u00e9cifique. L\u2019ensemble du site sera pourvu, en plus des habituelles poubelles, PMC, papiers\/cartons et des bulles \u00e0 verre, d\u2019un certain nombre de poubelles sp\u00e9cifiquement d\u00e9di\u00e9es aux biod\u00e9chets. Celles-ci seront dispos\u00e9es dans les garages, \u00e0 proximit\u00e9 des \u00ab\u00a0food &amp; beverage\u00a0\u00bb, paddocks, etc.<\/p><p>Le Circuit de Spa-Francorchamps vous demande de respecter ces nouvelles obligations l\u00e9gales. Des sanctions peuvent \u00eatre impos\u00e9es en cas d\u2019infraction av\u00e9r\u00e9e.<\/p>\t\t\t\t\t\t\t\t<\/div>\n\t\t\t\t<\/div>\n\t\t\t\t\t<\/div>\n\t\t<\/div>\n\t\t\t\t<div class=\"elementor-column elementor-col-50 elementor-top-column elementor-element elementor-element-b118f6a\" data-id=\"b118f6a\" data-element_type=\"column\" data-e-type=\"column\">\n\t\t\t<div class=\"elementor-widget-wrap elementor-element-populated\">\n\t\t\t\t\t\t<div class=\"elementor-element elementor-element-3ec18fe elementor-widget elementor-widget-image\" data-id=\"3ec18fe\" data-element_type=\"widget\" data-e-type=\"widget\" data-widget_type=\"image.default\">\n\t\t\t\t<div class=\"elementor-widget-container\">\n\t\t\t\t\t\t\t\t\t\t\t\t\t\t\t<img fetchpriority=\"high\" decoding=\"async\" width=\"800\" height=\"569\" src=\"https:\/\/spasummerclassic.com\/wp-content\/uploads\/2025\/02\/triselectif-1024x728.webp\" class=\"attachment-large size-large wp-image-4825\" alt=\"\" srcset=\"https:\/\/spasummerclassic.com\/wp-content\/uploads\/2025\/02\/triselectif-1024x728.webp 1024w, https:\/\/spasummerclassic.com\/wp-content\/uploads\/2025\/02\/triselectif-300x213.webp 300w, https:\/\/spasummerclassic.com\/wp-content\/uploads\/2025\/02\/triselectif-768x546.webp 768w, https:\/\/spasummerclassic.com\/wp-content\/uploads\/2025\/02\/triselectif-1536x1091.webp 1536w, https:\/\/spasummerclassic.com\/wp-content\/uploads\/2025\/02\/triselectif-18x12.webp 18w, https:\/\/spasummerclassic.com\/wp-content\/uploads\/2025\/02\/triselectif-scaled.webp 1920w\" sizes=\"(max-width: 800px) 100vw, 800px\" \/>\t\t\t\t\t\t\t\t\t\t\t\t\t\t\t<\/div>\n\t\t\t\t<\/div>\n\t\t\t\t<div class=\"elementor-element elementor-element-ddd8a4a elementor-widget elementor-widget-spacer\" data-id=\"ddd8a4a\" data-element_type=\"widget\" data-e-type=\"widget\" data-widget_type=\"spacer.default\">\n\t\t\t\t<div class=\"elementor-widget-container\">\n\t\t\t\t\t\t\t<div class=\"elementor-spacer\">\n\t\t\t<div class=\"elementor-spacer-inner\"><\/div>\n\t\t<\/div>\n\t\t\t\t\t\t<\/div>\n\t\t\t\t<\/div>\n\t\t\t\t\t<\/div>\n\t\t<\/div>\n\t\t\t\t\t<\/div>\n\t\t<\/section>\n\t\t\t\t<\/div>\n\t\t","protected":false},"excerpt":{"rendered":"<p>Tri s\u00e9lectif Aidez-nous \u00e0 recycler\u00a0! Tous les biod\u00e9chets doivent faire l\u2019objet d\u2019un tri sp\u00e9cifique. L\u2019ensemble du site sera pourvu, en plus des habituelles poubelles, PMC, papiers\/cartons et des bulles \u00e0 verre, d\u2019un certain nombre de poubelles sp\u00e9cifiquement d\u00e9di\u00e9es aux biod\u00e9chets. Celles-ci seront dispos\u00e9es dans les garages, \u00e0 proximit\u00e9 des \u00ab\u00a0food &amp; beverage\u00a0\u00bb, paddocks, etc. Le [&hellip;]<\/p>\n","protected":false},"author":3,"featured_media":0,"parent":0,"menu_order":0,"comment_status":"closed","ping_status":"closed","template":"","meta":{"footnotes":""},"class_list":["post-4868","page","type-page","status-publish","hentry"],"_links":{"self":[{"href":"https:\/\/spasummerclassic.com\/fr\/wp-json\/wp\/v2\/pages\/4868","targetHints":{"allow":["GET"]}}],"collection":[{"href":"https:\/\/spasummerclassic.com\/fr\/wp-json\/wp\/v2\/pages"}],"about":[{"href":"https:\/\/spasummerclassic.com\/fr\/wp-json\/wp\/v2\/types\/page"}],"author":[{"embeddable":true,"href":"https:\/\/spasummerclassic.com\/fr\/wp-json\/wp\/v2\/users\/3"}],"replies":[{"embeddable":true,"href":"https:\/\/spasummerclassic.com\/fr\/wp-json\/wp\/v2\/comments?post=4868"}],"version-history":[{"count":7,"href":"https:\/\/spasummerclassic.com\/fr\/wp-json\/wp\/v2\/pages\/4868\/revisions"}],"predecessor-version":[{"id":4878,"href":"https:\/\/spasummerclassic.com\/fr\/wp-json\/wp\/v2\/pages\/4868\/revisions\/4878"}],"wp:attachment":[{"href":"https:\/\/spasummerclassic.com\/fr\/wp-json\/wp\/v2\/media?parent=4868"}],"curies":[{"name":"wp","href":"https:\/\/api.w.org\/{rel}","templated":true}]}}