{"id":1458,"date":"2022-03-10T14:04:26","date_gmt":"2022-03-10T13:04:26","guid":{"rendered":"https:\/\/spasummerclassic.com\/?page_id=1458"},"modified":"2022-03-12T14:35:30","modified_gmt":"2022-03-12T13:35:30","slug":"transpondeurs","status":"publish","type":"page","link":"https:\/\/spasummerclassic.com\/nl\/carnet-de-bord\/transpondeurs\/","title":{"rendered":"Transponders"},"content":{"rendered":"<div data-elementor-type=\"wp-page\" data-elementor-id=\"1458\" class=\"elementor elementor-1458\" data-elementor-post-type=\"page\">\n\t\t\t\t\t\t<section class=\"elementor-section elementor-top-section elementor-element elementor-element-0510c4b elementor-section-stretched elementor-section-full_width elementor-section-height-default elementor-section-height-default\" data-id=\"0510c4b\" data-element_type=\"section\" data-e-type=\"section\" data-settings=\"{&quot;stretch_section&quot;:&quot;section-stretched&quot;,&quot;background_background&quot;:&quot;classic&quot;}\">\n\t\t\t\t\t\t<div class=\"elementor-container elementor-column-gap-no\">\n\t\t\t\t\t<div class=\"elementor-column elementor-col-100 elementor-top-column elementor-element elementor-element-685e4494\" data-id=\"685e4494\" data-element_type=\"column\" data-e-type=\"column\">\n\t\t\t<div class=\"elementor-widget-wrap elementor-element-populated\">\n\t\t\t\t\t\t<div class=\"elementor-element elementor-element-35d7757c elementor-nav-menu__align-center elementor-nav-menu--dropdown-mobile elementor-nav-menu__text-align-center elementor-widget elementor-widget-nav-menu\" data-id=\"35d7757c\" data-element_type=\"widget\" data-e-type=\"widget\" data-settings=\"{&quot;layout&quot;:&quot;horizontal&quot;,&quot;submenu_icon&quot;:{&quot;value&quot;:&quot;&lt;i class=\\&quot;fas fa-caret-down\\&quot; aria-hidden=\\&quot;true\\&quot;&gt;&lt;\\\/i&gt;&quot;,&quot;library&quot;:&quot;fa-solid&quot;}}\" data-widget_type=\"nav-menu.default\">\n\t\t\t\t<div class=\"elementor-widget-container\">\n\t\t\t\t\t\t\t\t<nav aria-label=\"Menu\" class=\"elementor-nav-menu--main elementor-nav-menu__container elementor-nav-menu--layout-horizontal e--pointer-none\">\n\t\t\t\t<ul id=\"menu-1-35d7757c\" class=\"elementor-nav-menu\"><li class=\"menu-item menu-item-type-post_type menu-item-object-page menu-item-1040\"><a href=\"https:\/\/spasummerclassic.com\/nl\/acces-pilote\/\" class=\"elementor-item\">Drivers Info<\/a><\/li>\n<li class=\"menu-item menu-item-type-post_type menu-item-object-page menu-item-1098\"><a href=\"https:\/\/spasummerclassic.com\/nl\/essaislibres-back\/\" class=\"elementor-item\">UNTIMED<\/a><\/li>\n<li class=\"menu-item menu-item-type-post_type menu-item-object-page menu-item-1959\"><a href=\"https:\/\/spasummerclassic.com\/nl\/carnet-de-bord\/\" class=\"elementor-item\">Log book<\/a><\/li>\n<li class=\"menu-item menu-item-type-custom menu-item-object-custom menu-item-1041\"><a target=\"_blank\" href=\"http:\/\/roadbook.alkamelsystems.com\/\" class=\"elementor-item\">Rankings<\/a><\/li>\n<\/ul>\t\t\t<\/nav>\n\t\t\t\t\t\t<nav class=\"elementor-nav-menu--dropdown elementor-nav-menu__container\" aria-hidden=\"true\">\n\t\t\t\t<ul id=\"menu-2-35d7757c\" class=\"elementor-nav-menu\"><li class=\"menu-item menu-item-type-post_type menu-item-object-page menu-item-1040\"><a href=\"https:\/\/spasummerclassic.com\/nl\/acces-pilote\/\" class=\"elementor-item\" tabindex=\"-1\">Drivers Info<\/a><\/li>\n<li class=\"menu-item menu-item-type-post_type menu-item-object-page menu-item-1098\"><a href=\"https:\/\/spasummerclassic.com\/nl\/essaislibres-back\/\" class=\"elementor-item\" tabindex=\"-1\">UNTIMED<\/a><\/li>\n<li class=\"menu-item menu-item-type-post_type menu-item-object-page menu-item-1959\"><a href=\"https:\/\/spasummerclassic.com\/nl\/carnet-de-bord\/\" class=\"elementor-item\" tabindex=\"-1\">Log book<\/a><\/li>\n<li class=\"menu-item menu-item-type-custom menu-item-object-custom menu-item-1041\"><a target=\"_blank\" href=\"http:\/\/roadbook.alkamelsystems.com\/\" class=\"elementor-item\" tabindex=\"-1\">Rankings<\/a><\/li>\n<\/ul>\t\t\t<\/nav>\n\t\t\t\t\t\t<\/div>\n\t\t\t\t<\/div>\n\t\t\t\t\t<\/div>\n\t\t<\/div>\n\t\t\t\t\t<\/div>\n\t\t<\/section>\n\t\t\t\t<section class=\"elementor-section elementor-top-section elementor-element elementor-element-36d0d13 elementor-section-full_width elementor-section-height-min-height elementor-section-stretched elementor-section-content-middle elementor-section-height-default elementor-section-items-middle\" data-id=\"36d0d13\" data-element_type=\"section\" data-e-type=\"section\" data-settings=\"{&quot;stretch_section&quot;:&quot;section-stretched&quot;,&quot;background_background&quot;:&quot;classic&quot;}\">\n\t\t\t\t\t\t\t<div class=\"elementor-background-overlay\"><\/div>\n\t\t\t\t\t\t\t<div class=\"elementor-container elementor-column-gap-extended\">\n\t\t\t\t\t<div class=\"elementor-column elementor-col-100 elementor-top-column elementor-element elementor-element-60a3c0ed\" data-id=\"60a3c0ed\" data-element_type=\"column\" data-e-type=\"column\" data-settings=\"{&quot;background_background&quot;:&quot;slideshow&quot;,&quot;background_slideshow_gallery&quot;:[],&quot;background_slideshow_loop&quot;:&quot;yes&quot;,&quot;background_slideshow_slide_duration&quot;:5000,&quot;background_slideshow_slide_transition&quot;:&quot;fade&quot;,&quot;background_slideshow_transition_duration&quot;:500}\">\n\t\t\t<div class=\"elementor-widget-wrap elementor-element-populated\">\n\t\t\t\t\t\t\t<\/div>\n\t\t<\/div>\n\t\t\t\t\t<\/div>\n\t\t<\/section>\n\t\t\t\t<section class=\"elementor-section elementor-top-section elementor-element elementor-element-6f98fc8 elementor-section-stretched elementor-section-boxed elementor-section-height-default elementor-section-height-default\" data-id=\"6f98fc8\" data-element_type=\"section\" data-e-type=\"section\" data-settings=\"{&quot;background_background&quot;:&quot;classic&quot;,&quot;stretch_section&quot;:&quot;section-stretched&quot;}\">\n\t\t\t\t\t\t<div class=\"elementor-container elementor-column-gap-extended\">\n\t\t\t\t\t<div class=\"elementor-column elementor-col-100 elementor-top-column elementor-element elementor-element-1dd9203f\" data-id=\"1dd9203f\" data-element_type=\"column\" data-e-type=\"column\">\n\t\t\t<div class=\"elementor-widget-wrap\">\n\t\t\t\t\t\t\t<\/div>\n\t\t<\/div>\n\t\t\t\t\t<\/div>\n\t\t<\/section>\n\t\t\t\t<section class=\"elementor-section elementor-top-section elementor-element elementor-element-954d26d elementor-section-boxed elementor-section-height-default elementor-section-height-default\" data-id=\"954d26d\" data-element_type=\"section\" data-e-type=\"section\">\n\t\t\t\t\t\t<div class=\"elementor-container elementor-column-gap-extended\">\n\t\t\t\t\t<div class=\"elementor-column elementor-col-100 elementor-top-column elementor-element elementor-element-40f47f73\" data-id=\"40f47f73\" data-element_type=\"column\" data-e-type=\"column\">\n\t\t\t<div class=\"elementor-widget-wrap\">\n\t\t\t\t\t\t\t<\/div>\n\t\t<\/div>\n\t\t\t\t\t<\/div>\n\t\t<\/section>\n\t\t\t\t<section class=\"elementor-section elementor-top-section elementor-element elementor-element-6d90f0b elementor-section-boxed elementor-section-height-default elementor-section-height-default\" data-id=\"6d90f0b\" data-element_type=\"section\" data-e-type=\"section\">\n\t\t\t\t\t\t<div class=\"elementor-container elementor-column-gap-extended\">\n\t\t\t\t\t<div class=\"elementor-column elementor-col-100 elementor-top-column elementor-element elementor-element-d026028 elementor-invisible\" data-id=\"d026028\" data-element_type=\"column\" data-e-type=\"column\" data-settings=\"{&quot;background_background&quot;:&quot;classic&quot;,&quot;animation&quot;:&quot;fadeInUp&quot;}\">\n\t\t\t<div class=\"elementor-widget-wrap elementor-element-populated\">\n\t\t\t\t\t\t<div class=\"elementor-element elementor-element-c5f823c elementor-widget elementor-widget-heading\" data-id=\"c5f823c\" data-element_type=\"widget\" data-e-type=\"widget\" data-widget_type=\"heading.default\">\n\t\t\t\t<div class=\"elementor-widget-container\">\n\t\t\t\t\t<h3 class=\"elementor-heading-title elementor-size-default\">TRANSPONDERS<\/h3>\t\t\t\t<\/div>\n\t\t\t\t<\/div>\n\t\t\t\t<div class=\"elementor-element elementor-element-5a129da1 elementor-invisible elementor-widget elementor-widget-text-editor\" data-id=\"5a129da1\" data-element_type=\"widget\" data-e-type=\"widget\" data-settings=\"{&quot;_animation&quot;:&quot;fadeIn&quot;}\" data-widget_type=\"text-editor.default\">\n\t\t\t\t<div class=\"elementor-widget-container\">\n\t\t\t\t\t\t\t\t\t<p>VOOR ALLE COUREURS<\/p>\t\t\t\t\t\t\t\t<\/div>\n\t\t\t\t<\/div>\n\t\t\t\t<div class=\"elementor-element elementor-element-78ab3bac elementor-invisible elementor-widget elementor-widget-text-editor\" data-id=\"78ab3bac\" data-element_type=\"widget\" data-e-type=\"widget\" data-settings=\"{&quot;_animation&quot;:&quot;fadeIn&quot;}\" data-widget_type=\"text-editor.default\">\n\t\t\t\t<div class=\"elementor-widget-container\">\n\t\t\t\t\t\t\t\t\t<p>Roadbook provides missing transponders free of charge.<\/p><p>Ga ruim voor je kwalificatiesessie naar zaal 115 (F1 pitgebouw) om een transponder te halen in ruil voor je racelicentie.<\/p><p>Als tijdens de vergadering uw transponder niet werkt, ga dan naar zaal 115.<br \/>Procedure voor het verkrijgen van een transponder:<\/p><p>- Kom alleen naar kamer 115<br \/>- Kom met je race licentie<br \/><br \/><\/p>\t\t\t\t\t\t\t\t<\/div>\n\t\t\t\t<\/div>\n\t\t\t\t\t<\/div>\n\t\t<\/div>\n\t\t\t\t\t<\/div>\n\t\t<\/section>\n\t\t\t\t<section class=\"elementor-section elementor-top-section elementor-element elementor-element-e6999cd elementor-reverse-mobile elementor-section-content-middle elementor-section-boxed elementor-section-height-default elementor-section-height-default\" data-id=\"e6999cd\" data-element_type=\"section\" data-e-type=\"section\">\n\t\t\t\t\t\t<div class=\"elementor-container elementor-column-gap-extended\">\n\t\t\t\t\t<div class=\"elementor-column elementor-col-100 elementor-top-column elementor-element elementor-element-76396ce\" data-id=\"76396ce\" data-element_type=\"column\" data-e-type=\"column\">\n\t\t\t<div class=\"elementor-widget-wrap\">\n\t\t\t\t\t\t\t<\/div>\n\t\t<\/div>\n\t\t\t\t\t<\/div>\n\t\t<\/section>\n\t\t\t\t<\/div>","protected":false},"excerpt":{"rendered":"<p>TRANSPONDEURS POUR TOUS LES PILOTES Roadbook fournit gratuitement les transpondeurs manquants. Veuillez vous rendre au local 115 (b\u00e2timent des stands F1) bien avant votre qualification pour obtenir un transpondeur en \u00e9change de votre licence de course. De m\u00eame, si pendant le meeting votre transpondeur ne fonctionne pas, rendez-vous \u00e9galement \u00e0 la salle 115.Proc\u00e9dure d&rsquo;obtention d&rsquo;un [&hellip;]<\/p>\n","protected":false},"author":3,"featured_media":1390,"parent":1099,"menu_order":0,"comment_status":"closed","ping_status":"closed","template":"elementor_header_footer","meta":{"footnotes":""},"class_list":["post-1458","page","type-page","status-publish","has-post-thumbnail","hentry"],"_links":{"self":[{"href":"https:\/\/spasummerclassic.com\/nl\/wp-json\/wp\/v2\/pages\/1458","targetHints":{"allow":["GET"]}}],"collection":[{"href":"https:\/\/spasummerclassic.com\/nl\/wp-json\/wp\/v2\/pages"}],"about":[{"href":"https:\/\/spasummerclassic.com\/nl\/wp-json\/wp\/v2\/types\/page"}],"author":[{"embeddable":true,"href":"https:\/\/spasummerclassic.com\/nl\/wp-json\/wp\/v2\/users\/3"}],"replies":[{"embeddable":true,"href":"https:\/\/spasummerclassic.com\/nl\/wp-json\/wp\/v2\/comments?post=1458"}],"version-history":[{"count":19,"href":"https:\/\/spasummerclassic.com\/nl\/wp-json\/wp\/v2\/pages\/1458\/revisions"}],"predecessor-version":[{"id":2374,"href":"https:\/\/spasummerclassic.com\/nl\/wp-json\/wp\/v2\/pages\/1458\/revisions\/2374"}],"up":[{"embeddable":true,"href":"https:\/\/spasummerclassic.com\/nl\/wp-json\/wp\/v2\/pages\/1099"}],"wp:featuredmedia":[{"embeddable":true,"href":"https:\/\/spasummerclassic.com\/nl\/wp-json\/wp\/v2\/media\/1390"}],"wp:attachment":[{"href":"https:\/\/spasummerclassic.com\/nl\/wp-json\/wp\/v2\/media?parent=1458"}],"curies":[{"name":"wp","href":"https:\/\/api.w.org\/{rel}","templated":true}]}}