{"id":1476,"date":"2022-03-10T14:07:17","date_gmt":"2022-03-10T13:07:17","guid":{"rendered":"https:\/\/spasummerclassic.com\/?page_id=1476"},"modified":"2022-06-01T22:19:16","modified_gmt":"2022-06-01T20:19:16","slug":"equipements-de-securite-obligatoire","status":"publish","type":"page","link":"https:\/\/spasummerclassic.com\/nl\/carnet-de-bord\/equipements-de-securite-obligatoire\/","title":{"rendered":"Verplichte veiligheidsuitrusting"},"content":{"rendered":"<div data-elementor-type=\"wp-page\" data-elementor-id=\"1476\" class=\"elementor elementor-1476\" data-elementor-post-type=\"page\">\n\t\t\t\t\t\t<section class=\"elementor-section elementor-top-section elementor-element elementor-element-033d845 elementor-section-stretched elementor-section-full_width elementor-section-height-default elementor-section-height-default\" data-id=\"033d845\" data-element_type=\"section\" data-e-type=\"section\" data-settings=\"{&quot;stretch_section&quot;:&quot;section-stretched&quot;,&quot;background_background&quot;:&quot;classic&quot;}\">\n\t\t\t\t\t\t<div class=\"elementor-container elementor-column-gap-no\">\n\t\t\t\t\t<div class=\"elementor-column elementor-col-100 elementor-top-column elementor-element elementor-element-1ece1da2\" data-id=\"1ece1da2\" data-element_type=\"column\" data-e-type=\"column\">\n\t\t\t<div class=\"elementor-widget-wrap elementor-element-populated\">\n\t\t\t\t\t\t<div class=\"elementor-element elementor-element-323e71a5 elementor-nav-menu__align-center elementor-nav-menu--dropdown-mobile elementor-nav-menu__text-align-center elementor-widget elementor-widget-nav-menu\" data-id=\"323e71a5\" data-element_type=\"widget\" data-e-type=\"widget\" data-settings=\"{&quot;layout&quot;:&quot;horizontal&quot;,&quot;submenu_icon&quot;:{&quot;value&quot;:&quot;&lt;i class=\\&quot;fas fa-caret-down\\&quot; aria-hidden=\\&quot;true\\&quot;&gt;&lt;\\\/i&gt;&quot;,&quot;library&quot;:&quot;fa-solid&quot;}}\" data-widget_type=\"nav-menu.default\">\n\t\t\t\t<div class=\"elementor-widget-container\">\n\t\t\t\t\t\t\t\t<nav aria-label=\"Menu\" class=\"elementor-nav-menu--main elementor-nav-menu__container elementor-nav-menu--layout-horizontal e--pointer-none\">\n\t\t\t\t<ul id=\"menu-1-323e71a5\" class=\"elementor-nav-menu\"><li class=\"menu-item menu-item-type-post_type menu-item-object-page menu-item-1040\"><a href=\"https:\/\/spasummerclassic.com\/nl\/acces-pilote\/\" class=\"elementor-item\">Drivers Info<\/a><\/li>\n<li class=\"menu-item menu-item-type-post_type menu-item-object-page menu-item-1098\"><a href=\"https:\/\/spasummerclassic.com\/nl\/essaislibres-back\/\" class=\"elementor-item\">UNTIMED<\/a><\/li>\n<li class=\"menu-item menu-item-type-post_type menu-item-object-page menu-item-1959\"><a href=\"https:\/\/spasummerclassic.com\/nl\/carnet-de-bord\/\" class=\"elementor-item\">Log book<\/a><\/li>\n<li class=\"menu-item menu-item-type-custom menu-item-object-custom menu-item-1041\"><a target=\"_blank\" href=\"http:\/\/roadbook.alkamelsystems.com\/\" class=\"elementor-item\">Rankings<\/a><\/li>\n<\/ul>\t\t\t<\/nav>\n\t\t\t\t\t\t<nav class=\"elementor-nav-menu--dropdown elementor-nav-menu__container\" aria-hidden=\"true\">\n\t\t\t\t<ul id=\"menu-2-323e71a5\" class=\"elementor-nav-menu\"><li class=\"menu-item menu-item-type-post_type menu-item-object-page menu-item-1040\"><a href=\"https:\/\/spasummerclassic.com\/nl\/acces-pilote\/\" class=\"elementor-item\" tabindex=\"-1\">Drivers Info<\/a><\/li>\n<li class=\"menu-item menu-item-type-post_type menu-item-object-page menu-item-1098\"><a href=\"https:\/\/spasummerclassic.com\/nl\/essaislibres-back\/\" class=\"elementor-item\" tabindex=\"-1\">UNTIMED<\/a><\/li>\n<li class=\"menu-item menu-item-type-post_type menu-item-object-page menu-item-1959\"><a href=\"https:\/\/spasummerclassic.com\/nl\/carnet-de-bord\/\" class=\"elementor-item\" tabindex=\"-1\">Log book<\/a><\/li>\n<li class=\"menu-item menu-item-type-custom menu-item-object-custom menu-item-1041\"><a target=\"_blank\" href=\"http:\/\/roadbook.alkamelsystems.com\/\" class=\"elementor-item\" tabindex=\"-1\">Rankings<\/a><\/li>\n<\/ul>\t\t\t<\/nav>\n\t\t\t\t\t\t<\/div>\n\t\t\t\t<\/div>\n\t\t\t\t\t<\/div>\n\t\t<\/div>\n\t\t\t\t\t<\/div>\n\t\t<\/section>\n\t\t\t\t<section class=\"elementor-section elementor-top-section elementor-element elementor-element-36d0d13 elementor-section-full_width elementor-section-height-min-height elementor-section-stretched elementor-section-content-middle elementor-section-height-default elementor-section-items-middle\" data-id=\"36d0d13\" data-element_type=\"section\" data-e-type=\"section\" data-settings=\"{&quot;stretch_section&quot;:&quot;section-stretched&quot;,&quot;background_background&quot;:&quot;classic&quot;}\">\n\t\t\t\t\t\t\t<div class=\"elementor-background-overlay\"><\/div>\n\t\t\t\t\t\t\t<div class=\"elementor-container elementor-column-gap-extended\">\n\t\t\t\t\t<div class=\"elementor-column elementor-col-100 elementor-top-column elementor-element elementor-element-60a3c0ed\" data-id=\"60a3c0ed\" data-element_type=\"column\" data-e-type=\"column\" data-settings=\"{&quot;background_background&quot;:&quot;slideshow&quot;,&quot;background_slideshow_gallery&quot;:[],&quot;background_slideshow_loop&quot;:&quot;yes&quot;,&quot;background_slideshow_slide_duration&quot;:5000,&quot;background_slideshow_slide_transition&quot;:&quot;fade&quot;,&quot;background_slideshow_transition_duration&quot;:500}\">\n\t\t\t<div class=\"elementor-widget-wrap elementor-element-populated\">\n\t\t\t\t\t\t\t<\/div>\n\t\t<\/div>\n\t\t\t\t\t<\/div>\n\t\t<\/section>\n\t\t\t\t<section class=\"elementor-section elementor-top-section elementor-element elementor-element-6f98fc8 elementor-section-stretched elementor-section-boxed elementor-section-height-default elementor-section-height-default\" data-id=\"6f98fc8\" data-element_type=\"section\" data-e-type=\"section\" data-settings=\"{&quot;background_background&quot;:&quot;classic&quot;,&quot;stretch_section&quot;:&quot;section-stretched&quot;}\">\n\t\t\t\t\t\t<div class=\"elementor-container elementor-column-gap-extended\">\n\t\t\t\t\t<div class=\"elementor-column elementor-col-100 elementor-top-column elementor-element elementor-element-1dd9203f\" data-id=\"1dd9203f\" data-element_type=\"column\" data-e-type=\"column\">\n\t\t\t<div class=\"elementor-widget-wrap\">\n\t\t\t\t\t\t\t<\/div>\n\t\t<\/div>\n\t\t\t\t\t<\/div>\n\t\t<\/section>\n\t\t\t\t<section class=\"elementor-section elementor-top-section elementor-element elementor-element-954d26d elementor-section-boxed elementor-section-height-default elementor-section-height-default\" data-id=\"954d26d\" data-element_type=\"section\" data-e-type=\"section\">\n\t\t\t\t\t\t<div class=\"elementor-container elementor-column-gap-extended\">\n\t\t\t\t\t<div class=\"elementor-column elementor-col-100 elementor-top-column elementor-element elementor-element-40f47f73\" data-id=\"40f47f73\" data-element_type=\"column\" data-e-type=\"column\">\n\t\t\t<div class=\"elementor-widget-wrap\">\n\t\t\t\t\t\t\t<\/div>\n\t\t<\/div>\n\t\t\t\t\t<\/div>\n\t\t<\/section>\n\t\t\t\t<section class=\"elementor-section elementor-top-section elementor-element elementor-element-7c21370 elementor-section-boxed elementor-section-height-default elementor-section-height-default\" data-id=\"7c21370\" data-element_type=\"section\" data-e-type=\"section\">\n\t\t\t\t\t\t<div class=\"elementor-container elementor-column-gap-extended\">\n\t\t\t\t\t<div class=\"elementor-column elementor-col-100 elementor-top-column elementor-element elementor-element-3a05b8c1 elementor-invisible\" data-id=\"3a05b8c1\" data-element_type=\"column\" data-e-type=\"column\" data-settings=\"{&quot;background_background&quot;:&quot;classic&quot;,&quot;animation&quot;:&quot;fadeInUp&quot;}\">\n\t\t\t<div class=\"elementor-widget-wrap elementor-element-populated\">\n\t\t\t\t\t\t<div class=\"elementor-element elementor-element-1e98695f elementor-widget elementor-widget-heading\" data-id=\"1e98695f\" data-element_type=\"widget\" data-e-type=\"widget\" data-widget_type=\"heading.default\">\n\t\t\t\t<div class=\"elementor-widget-container\">\n\t\t\t\t\t<h3 class=\"elementor-heading-title elementor-size-default\">Verplichte veiligheidsuitrusting<\/h3>\t\t\t\t<\/div>\n\t\t\t\t<\/div>\n\t\t\t\t<div class=\"elementor-element elementor-element-7b7d9847 elementor-icon-list--layout-traditional elementor-list-item-link-full_width elementor-widget elementor-widget-icon-list\" data-id=\"7b7d9847\" data-element_type=\"widget\" data-e-type=\"widget\" data-widget_type=\"icon-list.default\">\n\t\t\t\t<div class=\"elementor-widget-container\">\n\t\t\t\t\t\t\t<ul class=\"elementor-icon-list-items\">\n\t\t\t\t\t\t\t<li class=\"elementor-icon-list-item\">\n\t\t\t\t\t\t\t\t\t\t\t<a href=\"https:\/\/spasummerclassic.com\/wp-content\/uploads\/2022\/06\/Safety-Appendix-K-2022-GB.pdf\" target=\"_blank\">\n\n\t\t\t\t\t\t\t\t\t\t\t\t<span class=\"elementor-icon-list-icon\">\n\t\t\t\t\t\t\t<i aria-hidden=\"true\" class=\"far fa-file-alt\"><\/i>\t\t\t\t\t\t<\/span>\n\t\t\t\t\t\t\t\t\t\t<span class=\"elementor-icon-list-text\">Download \"Verplichte veiligheidsuitrusting\" in PDF - 8 paginas<\/span>\n\t\t\t\t\t\t\t\t\t\t\t<\/a>\n\t\t\t\t\t\t\t\t\t<\/li>\n\t\t\t\t\t\t<\/ul>\n\t\t\t\t\t\t<\/div>\n\t\t\t\t<\/div>\n\t\t\t\t\t<\/div>\n\t\t<\/div>\n\t\t\t\t\t<\/div>\n\t\t<\/section>\n\t\t\t\t<section class=\"elementor-section elementor-top-section elementor-element elementor-element-608d0d0 elementor-section-boxed elementor-section-height-default elementor-section-height-default\" data-id=\"608d0d0\" data-element_type=\"section\" data-e-type=\"section\">\n\t\t\t\t\t\t<div class=\"elementor-container elementor-column-gap-extended\">\n\t\t\t\t\t<div class=\"elementor-column elementor-col-100 elementor-top-column elementor-element elementor-element-25127b0 elementor-invisible\" data-id=\"25127b0\" data-element_type=\"column\" data-e-type=\"column\" data-settings=\"{&quot;background_background&quot;:&quot;classic&quot;,&quot;animation&quot;:&quot;fadeInUp&quot;}\">\n\t\t\t<div class=\"elementor-widget-wrap elementor-element-populated\">\n\t\t\t\t\t\t<div class=\"elementor-element elementor-element-f53a91a elementor-widget elementor-widget-image\" data-id=\"f53a91a\" data-element_type=\"widget\" data-e-type=\"widget\" data-widget_type=\"image.default\">\n\t\t\t\t<div class=\"elementor-widget-container\">\n\t\t\t\t\t\t\t\t\t\t\t\t\t\t\t\t<a href=\"https:\/\/spasummerclassic.com\/wp-content\/uploads\/2022\/06\/Safety-Appendix-K-2022-GB.pdf\" target=\"_blank\">\n\t\t\t\t\t\t\t<img fetchpriority=\"high\" decoding=\"async\" width=\"595\" height=\"841\" src=\"https:\/\/spasummerclassic.com\/wp-content\/uploads\/2022\/06\/Safety-Appendix-K-2022-GB.jpg\" class=\"attachment-full size-full wp-image-2804\" alt=\"\" srcset=\"https:\/\/spasummerclassic.com\/wp-content\/uploads\/2022\/06\/Safety-Appendix-K-2022-GB.jpg 595w, https:\/\/spasummerclassic.com\/wp-content\/uploads\/2022\/06\/Safety-Appendix-K-2022-GB-212x300.jpg 212w, https:\/\/spasummerclassic.com\/wp-content\/uploads\/2022\/06\/Safety-Appendix-K-2022-GB-8x12.jpg 8w\" sizes=\"(max-width: 595px) 100vw, 595px\" \/>\t\t\t\t\t\t\t\t<\/a>\n\t\t\t\t\t\t\t\t\t\t\t\t\t\t\t<\/div>\n\t\t\t\t<\/div>\n\t\t\t\t\t<\/div>\n\t\t<\/div>\n\t\t\t\t\t<\/div>\n\t\t<\/section>\n\t\t\t\t<\/div>","protected":false},"excerpt":{"rendered":"<p>Equipements de s\u00e9curit\u00e9 obligatoire T\u00e9l\u00e9charger \u00ab\u00a0Equipement obligatoire de s\u00e9curit\u00e9\u00a0\u00bb en PDF &#8211; 8 pages<\/p>","protected":false},"author":3,"featured_media":1500,"parent":1099,"menu_order":0,"comment_status":"closed","ping_status":"closed","template":"elementor_header_footer","meta":{"footnotes":""},"class_list":["post-1476","page","type-page","status-publish","has-post-thumbnail","hentry"],"_links":{"self":[{"href":"https:\/\/spasummerclassic.com\/nl\/wp-json\/wp\/v2\/pages\/1476","targetHints":{"allow":["GET"]}}],"collection":[{"href":"https:\/\/spasummerclassic.com\/nl\/wp-json\/wp\/v2\/pages"}],"about":[{"href":"https:\/\/spasummerclassic.com\/nl\/wp-json\/wp\/v2\/types\/page"}],"author":[{"embeddable":true,"href":"https:\/\/spasummerclassic.com\/nl\/wp-json\/wp\/v2\/users\/3"}],"replies":[{"embeddable":true,"href":"https:\/\/spasummerclassic.com\/nl\/wp-json\/wp\/v2\/comments?post=1476"}],"version-history":[{"count":29,"href":"https:\/\/spasummerclassic.com\/nl\/wp-json\/wp\/v2\/pages\/1476\/revisions"}],"predecessor-version":[{"id":2813,"href":"https:\/\/spasummerclassic.com\/nl\/wp-json\/wp\/v2\/pages\/1476\/revisions\/2813"}],"up":[{"embeddable":true,"href":"https:\/\/spasummerclassic.com\/nl\/wp-json\/wp\/v2\/pages\/1099"}],"wp:featuredmedia":[{"embeddable":true,"href":"https:\/\/spasummerclassic.com\/nl\/wp-json\/wp\/v2\/media\/1500"}],"wp:attachment":[{"href":"https:\/\/spasummerclassic.com\/nl\/wp-json\/wp\/v2\/media?parent=1476"}],"curies":[{"name":"wp","href":"https:\/\/api.w.org\/{rel}","templated":true}]}}