{"id":1595,"date":"2022-03-10T14:50:58","date_gmt":"2022-03-10T13:50:58","guid":{"rendered":"https:\/\/spasummerclassic.com\/?page_id=1595"},"modified":"2022-06-22T13:15:20","modified_gmt":"2022-06-22T11:15:20","slug":"regulations","status":"publish","type":"page","link":"https:\/\/spasummerclassic.com\/nl\/carnet-de-bord\/regulations\/","title":{"rendered":"Voorschriften"},"content":{"rendered":"<div data-elementor-type=\"wp-page\" data-elementor-id=\"1595\" class=\"elementor elementor-1595\" data-elementor-post-type=\"page\">\n\t\t\t\t\t\t<section class=\"elementor-section elementor-top-section elementor-element elementor-element-e7edca9 elementor-section-stretched elementor-section-full_width elementor-section-height-default elementor-section-height-default\" data-id=\"e7edca9\" data-element_type=\"section\" data-e-type=\"section\" data-settings=\"{&quot;stretch_section&quot;:&quot;section-stretched&quot;,&quot;background_background&quot;:&quot;classic&quot;}\">\n\t\t\t\t\t\t<div class=\"elementor-container elementor-column-gap-no\">\n\t\t\t\t\t<div class=\"elementor-column elementor-col-100 elementor-top-column elementor-element elementor-element-7cf2caf0\" data-id=\"7cf2caf0\" data-element_type=\"column\" data-e-type=\"column\">\n\t\t\t<div class=\"elementor-widget-wrap elementor-element-populated\">\n\t\t\t\t\t\t<div class=\"elementor-element elementor-element-3e78f681 elementor-nav-menu__align-center elementor-nav-menu--dropdown-mobile elementor-nav-menu__text-align-center elementor-widget elementor-widget-nav-menu\" data-id=\"3e78f681\" data-element_type=\"widget\" data-e-type=\"widget\" data-settings=\"{&quot;layout&quot;:&quot;horizontal&quot;,&quot;submenu_icon&quot;:{&quot;value&quot;:&quot;&lt;i class=\\&quot;fas fa-caret-down\\&quot; aria-hidden=\\&quot;true\\&quot;&gt;&lt;\\\/i&gt;&quot;,&quot;library&quot;:&quot;fa-solid&quot;}}\" data-widget_type=\"nav-menu.default\">\n\t\t\t\t<div class=\"elementor-widget-container\">\n\t\t\t\t\t\t\t\t<nav aria-label=\"Menu\" class=\"elementor-nav-menu--main elementor-nav-menu__container elementor-nav-menu--layout-horizontal e--pointer-none\">\n\t\t\t\t<ul id=\"menu-1-3e78f681\" class=\"elementor-nav-menu\"><li class=\"menu-item menu-item-type-post_type menu-item-object-page menu-item-1040\"><a href=\"https:\/\/spasummerclassic.com\/nl\/acces-pilote\/\" class=\"elementor-item\">Drivers Info<\/a><\/li>\n<li class=\"menu-item menu-item-type-post_type menu-item-object-page menu-item-1098\"><a href=\"https:\/\/spasummerclassic.com\/nl\/essaislibres-back\/\" class=\"elementor-item\">UNTIMED<\/a><\/li>\n<li class=\"menu-item menu-item-type-post_type menu-item-object-page menu-item-1959\"><a href=\"https:\/\/spasummerclassic.com\/nl\/carnet-de-bord\/\" class=\"elementor-item\">Log book<\/a><\/li>\n<li class=\"menu-item menu-item-type-custom menu-item-object-custom menu-item-1041\"><a target=\"_blank\" href=\"http:\/\/roadbook.alkamelsystems.com\/\" class=\"elementor-item\">Rankings<\/a><\/li>\n<\/ul>\t\t\t<\/nav>\n\t\t\t\t\t\t<nav class=\"elementor-nav-menu--dropdown elementor-nav-menu__container\" aria-hidden=\"true\">\n\t\t\t\t<ul id=\"menu-2-3e78f681\" class=\"elementor-nav-menu\"><li class=\"menu-item menu-item-type-post_type menu-item-object-page menu-item-1040\"><a href=\"https:\/\/spasummerclassic.com\/nl\/acces-pilote\/\" class=\"elementor-item\" tabindex=\"-1\">Drivers Info<\/a><\/li>\n<li class=\"menu-item menu-item-type-post_type menu-item-object-page menu-item-1098\"><a href=\"https:\/\/spasummerclassic.com\/nl\/essaislibres-back\/\" class=\"elementor-item\" tabindex=\"-1\">UNTIMED<\/a><\/li>\n<li class=\"menu-item menu-item-type-post_type menu-item-object-page menu-item-1959\"><a href=\"https:\/\/spasummerclassic.com\/nl\/carnet-de-bord\/\" class=\"elementor-item\" tabindex=\"-1\">Log book<\/a><\/li>\n<li class=\"menu-item menu-item-type-custom menu-item-object-custom menu-item-1041\"><a target=\"_blank\" href=\"http:\/\/roadbook.alkamelsystems.com\/\" class=\"elementor-item\" tabindex=\"-1\">Rankings<\/a><\/li>\n<\/ul>\t\t\t<\/nav>\n\t\t\t\t\t\t<\/div>\n\t\t\t\t<\/div>\n\t\t\t\t\t<\/div>\n\t\t<\/div>\n\t\t\t\t\t<\/div>\n\t\t<\/section>\n\t\t\t\t<section class=\"elementor-section elementor-top-section elementor-element elementor-element-36d0d13 elementor-section-full_width elementor-section-height-min-height elementor-section-stretched elementor-section-content-middle elementor-section-height-default elementor-section-items-middle\" data-id=\"36d0d13\" data-element_type=\"section\" data-e-type=\"section\" data-settings=\"{&quot;stretch_section&quot;:&quot;section-stretched&quot;,&quot;background_background&quot;:&quot;classic&quot;}\">\n\t\t\t\t\t\t\t<div class=\"elementor-background-overlay\"><\/div>\n\t\t\t\t\t\t\t<div class=\"elementor-container elementor-column-gap-extended\">\n\t\t\t\t\t<div class=\"elementor-column elementor-col-100 elementor-top-column elementor-element elementor-element-60a3c0ed\" data-id=\"60a3c0ed\" data-element_type=\"column\" data-e-type=\"column\" data-settings=\"{&quot;background_background&quot;:&quot;slideshow&quot;,&quot;background_slideshow_gallery&quot;:[],&quot;background_slideshow_loop&quot;:&quot;yes&quot;,&quot;background_slideshow_slide_duration&quot;:5000,&quot;background_slideshow_slide_transition&quot;:&quot;fade&quot;,&quot;background_slideshow_transition_duration&quot;:500}\">\n\t\t\t<div class=\"elementor-widget-wrap elementor-element-populated\">\n\t\t\t\t\t\t<div class=\"elementor-element elementor-element-5a9ec592 elementor-widget elementor-widget-heading\" data-id=\"5a9ec592\" data-element_type=\"widget\" data-e-type=\"widget\" data-settings=\"{&quot;_animation_tablet&quot;:&quot;fadeInLeft&quot;}\" data-widget_type=\"heading.default\">\n\t\t\t\t<div class=\"elementor-widget-container\">\n\t\t\t\t\t<h2 class=\"elementor-heading-title elementor-size-default\">Voorschriften<\/h2>\t\t\t\t<\/div>\n\t\t\t\t<\/div>\n\t\t\t\t\t<\/div>\n\t\t<\/div>\n\t\t\t\t\t<\/div>\n\t\t<\/section>\n\t\t\t\t<section class=\"elementor-section elementor-top-section elementor-element elementor-element-6f98fc8 elementor-section-stretched elementor-section-boxed elementor-section-height-default elementor-section-height-default\" data-id=\"6f98fc8\" data-element_type=\"section\" data-e-type=\"section\" data-settings=\"{&quot;background_background&quot;:&quot;classic&quot;,&quot;stretch_section&quot;:&quot;section-stretched&quot;}\">\n\t\t\t\t\t\t<div class=\"elementor-container elementor-column-gap-extended\">\n\t\t\t\t\t<div class=\"elementor-column elementor-col-100 elementor-top-column elementor-element elementor-element-1dd9203f\" data-id=\"1dd9203f\" data-element_type=\"column\" data-e-type=\"column\">\n\t\t\t<div class=\"elementor-widget-wrap\">\n\t\t\t\t\t\t\t<\/div>\n\t\t<\/div>\n\t\t\t\t\t<\/div>\n\t\t<\/section>\n\t\t\t\t<section class=\"elementor-section elementor-top-section elementor-element elementor-element-954d26d elementor-section-boxed elementor-section-height-default elementor-section-height-default\" data-id=\"954d26d\" data-element_type=\"section\" data-e-type=\"section\">\n\t\t\t\t\t\t<div class=\"elementor-container elementor-column-gap-extended\">\n\t\t\t\t\t<div class=\"elementor-column elementor-col-100 elementor-top-column elementor-element elementor-element-40f47f73\" data-id=\"40f47f73\" data-element_type=\"column\" data-e-type=\"column\">\n\t\t\t<div class=\"elementor-widget-wrap\">\n\t\t\t\t\t\t\t<\/div>\n\t\t<\/div>\n\t\t\t\t\t<\/div>\n\t\t<\/section>\n\t\t\t\t<section class=\"elementor-section elementor-top-section elementor-element elementor-element-7c21370 elementor-section-boxed elementor-section-height-default elementor-section-height-default\" data-id=\"7c21370\" data-element_type=\"section\" data-e-type=\"section\">\n\t\t\t\t\t\t<div class=\"elementor-container elementor-column-gap-extended\">\n\t\t\t\t\t<div class=\"elementor-column elementor-col-100 elementor-top-column elementor-element elementor-element-5b07dce\" data-id=\"5b07dce\" data-element_type=\"column\" data-e-type=\"column\">\n\t\t\t<div class=\"elementor-widget-wrap elementor-element-populated\">\n\t\t\t\t\t\t<div class=\"elementor-element elementor-element-39b7059 elementor-widget elementor-widget-heading\" data-id=\"39b7059\" data-element_type=\"widget\" data-e-type=\"widget\" data-widget_type=\"heading.default\">\n\t\t\t\t<div class=\"elementor-widget-container\">\n\t\t\t\t\t<h2 class=\"elementor-heading-title elementor-size-default\">Voorschriften<\/h2>\t\t\t\t<\/div>\n\t\t\t\t<\/div>\n\t\t\t\t<div class=\"elementor-element elementor-element-ccfe283 elementor-icon-list--layout-traditional elementor-list-item-link-full_width elementor-widget elementor-widget-icon-list\" data-id=\"ccfe283\" data-element_type=\"widget\" data-e-type=\"widget\" data-widget_type=\"icon-list.default\">\n\t\t\t\t<div class=\"elementor-widget-container\">\n\t\t\t\t\t\t\t<ul class=\"elementor-icon-list-items\">\n\t\t\t\t\t\t\t<li class=\"elementor-icon-list-item\">\n\t\t\t\t\t\t\t\t\t\t\t<a href=\"https:\/\/spasummerclassic.com\/wp-content\/uploads\/2022\/06\/2022-06-26-Spa-Summer-Classic-Supplementary-Regulations-V2.pdf\" target=\"_blank\">\n\n\t\t\t\t\t\t\t\t\t\t\t\t<span class=\"elementor-icon-list-icon\">\n\t\t\t\t\t\t\t<i aria-hidden=\"true\" class=\"far fa-file-alt\"><\/i>\t\t\t\t\t\t<\/span>\n\t\t\t\t\t\t\t\t\t\t<span class=\"elementor-icon-list-text\">Download \"SUPPLEMENTARY REGULATIONS - SPA SUMMER CLASSIC 2022 - Version 2\u201d<\/span>\n\t\t\t\t\t\t\t\t\t\t\t<\/a>\n\t\t\t\t\t\t\t\t\t<\/li>\n\t\t\t\t\t\t<\/ul>\n\t\t\t\t\t\t<\/div>\n\t\t\t\t<\/div>\n\t\t\t\t<div class=\"elementor-element elementor-element-624d6b85 elementor-invisible elementor-widget elementor-widget-text-editor\" data-id=\"624d6b85\" data-element_type=\"widget\" data-e-type=\"widget\" data-settings=\"{&quot;_animation&quot;:&quot;fadeIn&quot;}\" data-widget_type=\"text-editor.default\">\n\t\t\t\t<div class=\"elementor-widget-container\">\n\t\t\t\t\t\t\t\t\t<p>1 \u2022 SPA 3 HOURS <br \/><a href=\"https:\/\/motorclassic.com\/spa-3-hours\/docs-info\/\" target=\"_blank\" rel=\"noopener\">https:\/\/motorclassic.com\/spa-3-hours\/docs-info\/<\/a><\/p><p>2 \u2022 BELCAR HISTORIC CUP<br \/><a href=\"https:\/\/www.bravoracing.be\/2022\/Info\" target=\"_blank\" rel=\"noopener\">https:\/\/www.bravoracing.be\/2022\/Info<\/a><\/p><p>3 \u2022 CLASSIC SPORTS CAR CLUB \u2013 CLASSIC<br \/>Adams &amp; Page Swinging Sixties<br \/><a href=\"https:\/\/www.classicsportscarclub.co.uk\/swinging-sixties\" target=\"_blank\" rel=\"noopener\">https:\/\/www.classicsportscarclub.co.uk\/swinging-sixties<\/a><\/p><p>Mintex Classic K<br \/><a href=\"https:\/\/www.classicsportscarclub.co.uk\/classic-k\" target=\"_blank\" rel=\"noopener\">https:\/\/www.classicsportscarclub.co.uk\/classic-k<\/a><\/p><p>Advantage Motorsport Future Classics 1970\u2019s<br \/><a href=\"https:\/\/www.classicsportscarclub.co.uk\/future-classics\" target=\"_blank\" rel=\"noopener\">https:\/\/www.classicsportscarclub.co.uk\/future-classics<\/a><\/p><p>4 \u2022 CLASSIC SPORTS CAR CLUB \u2013 YOUNGTIMER<br \/>Advantage Motorsport Future Classics 1980\u2019s<br \/><a href=\"https:\/\/www.classicsportscarclub.co.uk\/future-classics\" target=\"_blank\" rel=\"noopener\">https:\/\/www.classicsportscarclub.co.uk\/future-classics<\/a><\/p><p>Co-ordSport Tin Tops<br \/><a href=\"https:\/\/www.classicsportscarclub.co.uk\/tin-tops\" target=\"_blank\" rel=\"noopener\">https:\/\/www.classicsportscarclub.co.uk\/tin-tops<\/a><\/p><p>Motorsports School Turbo Tin Tops<br \/><a href=\"https:\/\/www.classicsportscarclub.co.uk\/turbo-tin-tops\" target=\"_blank\" rel=\"noopener\">https:\/\/www.classicsportscarclub.co.uk\/turbo-tin-tops<\/a><\/p><p>Speedpanel A2 Modern Classics<br \/><a href=\"https:\/\/www.classicsportscarclub.co.uk\/modern-classics\" target=\"_blank\" rel=\"noopener\">https:\/\/www.classicsportscarclub.co.uk\/modern-classics<\/a><\/p><p>Morgan Challenge<br \/><a href=\"https:\/\/www.morganchallenge.co.uk\/Pages\/regulations_reg-form.html\" target=\"_blank\" rel=\"noopener\">https:\/\/www.morganchallenge.co.uk\/Pages\/regulations_reg-form.html<\/a><\/p><p>5 \u2022 NK HTGT <br \/><a href=\"https:\/\/www.nkhtgt.nl\/en\/competitors-information\/#regulations\" target=\"_blank\" rel=\"noopener\">https:\/\/www.nkhtgt.nl\/en\/competitors-information\/#regulations<\/a><\/p><p>6 \u2022 NK GT&amp;TC and TRIUMPH COMPETITION &amp; BRITISH HTGT<br \/>NK GT&amp;TC<br \/><a href=\"https:\/\/www.nkgttc.nl\/klassereglement\/\" target=\"_blank\" rel=\"noopener\">https:\/\/www.nkgttc.nl\/klassereglement\/<\/a><\/p><p>TRIUMPH COMPETITION &amp; BRITISH HTGT<br \/><a href=\"https:\/\/www.triumph-competition.de\/fahrer-service.html\" target=\"_blank\" rel=\"noopener\">https:\/\/www.triumph-competition.de\/fahrer-service.html<\/a><\/p><p>7 \u2022 7 RACE SERIES<br \/><a href=\"https:\/\/7raceseries.co.uk\/regulations\/\" target=\"_blank\" rel=\"noopener\">https:\/\/7raceseries.co.uk\/regulations\/<\/a><\/p><p>8 \u2022 FRANCE HISTORIQUE<br \/>SportProtosCup<br \/><a href=\"https:\/\/sportprotoscup.fr\/reglements\/\" target=\"_blank\" rel=\"noopener\">https:\/\/sportprotoscup.fr\/reglements\/<\/a><br \/><br \/>Challenge GT Tourisme<br \/><a href=\"http:\/\/www.challenge-gt-tourisme.eu\/Reglement-2017\" target=\"_blank\" rel=\"noopener\">http:\/\/www.challenge-gt-tourisme.eu\/Reglement-2017<\/a><br \/><br \/>Saloon Cars<br \/><a href=\"https:\/\/www.salooncar.eu\/voitures-admises\" target=\"_blank\" rel=\"noopener\">https:\/\/www.salooncar.eu\/voitures-admises<\/a><\/p><p>9 \u2022 TROPH\u00c9E LOTUS and ROADSTER PRO CUP<br \/>Troph\u00e9e Lotus<br \/><a href=\"https:\/\/www.tropheelotus.fr\/reglement-sportif\/\" target=\"_blank\" rel=\"noopener\">https:\/\/www.tropheelotus.fr\/reglement-sportif\/<\/a><br \/><a href=\"https:\/\/www.tropheelotus.fr\/reglement-technique\/\" target=\"_blank\" rel=\"noopener\">https:\/\/www.tropheelotus.fr\/reglement-technique\/<\/a><\/p><p>Roadster Pro Cup<br \/><a href=\"https:\/\/www.roadsterprocup.fr\/r\u00e8glements\" target=\"_blank\" rel=\"noopener\">https:\/\/www.roadsterprocup.fr\/r\u00e8glements<\/a><\/p><p>10 \u2022 HISTORIC MONOPOSTO RACING<br \/><a href=\"https:\/\/www.knaf.nl\/reglementen\/autorenspor\" target=\"_blank\" rel=\"noopener\">https:\/\/www.knaf.nl\/reglementen\/autorenspor<\/a><br \/>(search : HISTORIC MONOPOSTO RACING)<\/p><p>11 \u2022 COLMORE YTCC<br \/><a href=\"https:\/\/www.ytcc.nl\/regulations\/\" target=\"_blank\" rel=\"noopener\">https:\/\/www.ytcc.nl\/regulations\/<\/a><\/p><p>12 \u2022 NRCC and CSCC SPORTS &amp; SLICKS<br \/>NRCC<br \/><a href=\"https:\/\/nrcc.eu\/?page_id=19\" target=\"_blank\" rel=\"noopener\">https:\/\/nrcc.eu\/?page_id=19<\/a><\/p><p>CSCC Sports &amp; Slicks<br \/><a href=\"https:\/\/www.classicsportscarclub.co.uk\/new-millennium\" target=\"_blank\" rel=\"noopener\">https:\/\/www.classicsportscarclub.co.uk\/new-millennium<\/a><br \/><a href=\"https:\/\/www.classicsportscarclub.co.uk\/magnificent-sevens\" target=\"_blank\" rel=\"noopener\">https:\/\/www.classicsportscarclub.co.uk\/magnificent-sevens<\/a><br \/><a href=\"https:\/\/www.classicsportscarclub.co.uk\/open-series\" target=\"_blank\" rel=\"noopener\">https:\/\/www.classicsportscarclub.co.uk\/open-series<\/a><br \/><a href=\"https:\/\/www.classicsportscarclub.co.uk\/special-saloons-and-modsports\" target=\"_blank\" rel=\"noopener\">https:\/\/www.classicsportscarclub.co.uk\/special-saloons-and-modsports<\/a><br \/><a href=\"https:\/\/www.classicsportscarclub.co.uk\/slicks-series\" target=\"_blank\" rel=\"noopener\">https:\/\/www.classicsportscarclub.co.uk\/slicks-series<\/a><\/p>\t\t\t\t\t\t\t\t<\/div>\n\t\t\t\t<\/div>\n\t\t\t\t\t<\/div>\n\t\t<\/div>\n\t\t\t\t\t<\/div>\n\t\t<\/section>\n\t\t\t\t<\/div>","protected":false},"excerpt":{"rendered":"<p>R\u00e8glements R\u00e8glements T\u00e9l\u00e9charger \u00ab\u00a0SUPPLEMENTARY REGULATIONS &#8211; SPA SUMMER CLASSIC 2022 &#8211; Version 2\u201d 1 \u2022 SPA 3 HOURS https:\/\/motorclassic.com\/spa-3-hours\/docs-info\/ 2 \u2022 BELCAR HISTORIC CUPhttps:\/\/www.bravoracing.be\/2022\/Info 3 \u2022 CLASSIC SPORTS CAR CLUB \u2013 CLASSICAdams &amp; Page Swinging Sixtieshttps:\/\/www.classicsportscarclub.co.uk\/swinging-sixties Mintex Classic Khttps:\/\/www.classicsportscarclub.co.uk\/classic-k Advantage Motorsport Future Classics 1970\u2019shttps:\/\/www.classicsportscarclub.co.uk\/future-classics 4 \u2022 CLASSIC SPORTS CAR CLUB \u2013 YOUNGTIMERAdvantage Motorsport Future Classics [&hellip;]<\/p>\n","protected":false},"author":3,"featured_media":1303,"parent":1099,"menu_order":0,"comment_status":"closed","ping_status":"closed","template":"elementor_header_footer","meta":{"footnotes":""},"class_list":["post-1595","page","type-page","status-publish","has-post-thumbnail","hentry"],"_links":{"self":[{"href":"https:\/\/spasummerclassic.com\/nl\/wp-json\/wp\/v2\/pages\/1595","targetHints":{"allow":["GET"]}}],"collection":[{"href":"https:\/\/spasummerclassic.com\/nl\/wp-json\/wp\/v2\/pages"}],"about":[{"href":"https:\/\/spasummerclassic.com\/nl\/wp-json\/wp\/v2\/types\/page"}],"author":[{"embeddable":true,"href":"https:\/\/spasummerclassic.com\/nl\/wp-json\/wp\/v2\/users\/3"}],"replies":[{"embeddable":true,"href":"https:\/\/spasummerclassic.com\/nl\/wp-json\/wp\/v2\/comments?post=1595"}],"version-history":[{"count":35,"href":"https:\/\/spasummerclassic.com\/nl\/wp-json\/wp\/v2\/pages\/1595\/revisions"}],"predecessor-version":[{"id":2951,"href":"https:\/\/spasummerclassic.com\/nl\/wp-json\/wp\/v2\/pages\/1595\/revisions\/2951"}],"up":[{"embeddable":true,"href":"https:\/\/spasummerclassic.com\/nl\/wp-json\/wp\/v2\/pages\/1099"}],"wp:featuredmedia":[{"embeddable":true,"href":"https:\/\/spasummerclassic.com\/nl\/wp-json\/wp\/v2\/media\/1303"}],"wp:attachment":[{"href":"https:\/\/spasummerclassic.com\/nl\/wp-json\/wp\/v2\/media?parent=1595"}],"curies":[{"name":"wp","href":"https:\/\/api.w.org\/{rel}","templated":true}]}}