{"id":3254,"date":"2023-03-16T00:05:39","date_gmt":"2023-03-15T23:05:39","guid":{"rendered":"https:\/\/spasummerclassic.com\/?page_id=3254"},"modified":"2023-03-17T14:02:46","modified_gmt":"2023-03-17T13:02:46","slug":"toestemming-voor-radiocommunicatie","status":"publish","type":"page","link":"https:\/\/spasummerclassic.com\/nl\/autorisation-radio-communication\/","title":{"rendered":"Toestemming voor radiocommunicatie"},"content":{"rendered":"<div data-elementor-type=\"wp-page\" data-elementor-id=\"3254\" class=\"elementor elementor-3254\" data-elementor-post-type=\"page\">\n\t\t\t\t\t\t<section class=\"elementor-section elementor-top-section elementor-element elementor-element-faa1375 elementor-section-full_width elementor-section-height-min-height elementor-section-stretched elementor-section-content-bottom elementor-section-height-default elementor-section-items-middle\" data-id=\"faa1375\" data-element_type=\"section\" data-e-type=\"section\" data-settings=\"{&quot;stretch_section&quot;:&quot;section-stretched&quot;,&quot;background_background&quot;:&quot;classic&quot;}\">\n\t\t\t\t\t\t\t<div class=\"elementor-background-overlay\"><\/div>\n\t\t\t\t\t\t\t<div class=\"elementor-container elementor-column-gap-extended\">\n\t\t\t\t\t<div class=\"elementor-column elementor-col-100 elementor-top-column elementor-element elementor-element-c5b07d8\" data-id=\"c5b07d8\" data-element_type=\"column\" data-e-type=\"column\" data-settings=\"{&quot;background_background&quot;:&quot;slideshow&quot;,&quot;background_slideshow_gallery&quot;:[],&quot;background_slideshow_loop&quot;:&quot;yes&quot;,&quot;background_slideshow_slide_duration&quot;:5000,&quot;background_slideshow_slide_transition&quot;:&quot;fade&quot;,&quot;background_slideshow_transition_duration&quot;:500}\">\n\t\t\t<div class=\"elementor-widget-wrap\">\n\t\t\t\t\t\t\t<\/div>\n\t\t<\/div>\n\t\t\t\t\t<\/div>\n\t\t<\/section>\n\t\t\t\t<section class=\"elementor-section elementor-top-section elementor-element elementor-element-1db5c68 elementor-section-full_width elementor-section-height-min-height elementor-section-stretched elementor-section-content-bottom elementor-section-height-default elementor-section-items-middle\" data-id=\"1db5c68\" data-element_type=\"section\" data-e-type=\"section\" data-settings=\"{&quot;stretch_section&quot;:&quot;section-stretched&quot;,&quot;background_background&quot;:&quot;classic&quot;}\">\n\t\t\t\t\t\t\t<div class=\"elementor-background-overlay\"><\/div>\n\t\t\t\t\t\t\t<div class=\"elementor-container elementor-column-gap-extended\">\n\t\t\t\t\t<div class=\"elementor-column elementor-col-100 elementor-top-column elementor-element elementor-element-167ad50d\" data-id=\"167ad50d\" data-element_type=\"column\" data-e-type=\"column\" data-settings=\"{&quot;background_background&quot;:&quot;slideshow&quot;,&quot;background_slideshow_gallery&quot;:[],&quot;background_slideshow_loop&quot;:&quot;yes&quot;,&quot;background_slideshow_slide_duration&quot;:5000,&quot;background_slideshow_slide_transition&quot;:&quot;fade&quot;,&quot;background_slideshow_transition_duration&quot;:500}\">\n\t\t\t<div class=\"elementor-widget-wrap elementor-element-populated\">\n\t\t\t\t\t\t<div class=\"elementor-element elementor-element-4edf01cc elementor-invisible elementor-widget elementor-widget-heading\" data-id=\"4edf01cc\" data-element_type=\"widget\" data-e-type=\"widget\" data-settings=\"{&quot;_animation&quot;:&quot;fadeInDown&quot;,&quot;_animation_delay&quot;:400}\" data-widget_type=\"heading.default\">\n\t\t\t\t<div class=\"elementor-widget-container\">\n\t\t\t\t\t<h4 class=\"elementor-heading-title elementor-size-default\">Toestemming voor radiocommunicatie<\/h4>\t\t\t\t<\/div>\n\t\t\t\t<\/div>\n\t\t\t\t\t<\/div>\n\t\t<\/div>\n\t\t\t\t\t<\/div>\n\t\t<\/section>\n\t\t\t\t<section class=\"elementor-section elementor-top-section elementor-element elementor-element-80c326f elementor-section-boxed elementor-section-height-default elementor-section-height-default\" data-id=\"80c326f\" data-element_type=\"section\" data-e-type=\"section\">\n\t\t\t\t\t\t<div class=\"elementor-container elementor-column-gap-extended\">\n\t\t\t\t\t<div class=\"elementor-column elementor-col-100 elementor-top-column elementor-element elementor-element-50a99b91 elementor-invisible\" data-id=\"50a99b91\" data-element_type=\"column\" data-e-type=\"column\" data-settings=\"{&quot;background_background&quot;:&quot;classic&quot;,&quot;animation&quot;:&quot;fadeInUp&quot;}\">\n\t\t\t<div class=\"elementor-widget-wrap elementor-element-populated\">\n\t\t\t\t\t\t<div class=\"elementor-element elementor-element-5f019dd9 elementor-widget elementor-widget-text-editor\" data-id=\"5f019dd9\" data-element_type=\"widget\" data-e-type=\"widget\" data-widget_type=\"text-editor.default\">\n\t\t\t\t<div class=\"elementor-widget-container\">\n\t\t\t\t\t\t\t\t\t<em>Offici\u00eble mededeling van het Belgisch Instituut voor Postdiensten en Telecommunicatie (BIPT)<\/em>\t\t\t\t\t\t\t\t<\/div>\n\t\t\t\t<\/div>\n\t\t\t\t<div class=\"elementor-element elementor-element-498b33d5 elementor-invisible elementor-widget elementor-widget-text-editor\" data-id=\"498b33d5\" data-element_type=\"widget\" data-e-type=\"widget\" data-settings=\"{&quot;_animation&quot;:&quot;fadeIn&quot;}\" data-widget_type=\"text-editor.default\">\n\t\t\t\t<div class=\"elementor-widget-container\">\n\t\t\t\t\t\t\t\t\t<p>Alle gebruikers van radiocommunicatie-apparatuur zijn verplicht in het bezit te zijn van een toelating om hun apparatuur te gebruiken op het circuit van Spa-Francorchamps tijdens de meeting van de Spa Summer Classic.<\/p><p>De controles worden uitgevoerd door het BIPT in Spa-Francorchamps en kunnen, in geval van niet-naleving van de wetgeving, leiden tot een gerechtelijke procedure en inbeslagname van radioapparatuur.<\/p><p>Het is dus absoluut noodzakelijk de vereiste vergunningen aan te vragen <span style=\"text-decoration: underline;\"><strong><a href=\"https:\/\/www.ibpt.be\/consommateurs\/reseaux-mobiles\" target=\"_blank\" rel=\"noopener\">via de website van het BIPT.<\/a><\/strong><\/span>.<\/p><p>Lees ook : <strong><a href=\"https:\/\/www.ibpt.be\/consommateurs\/evenements\" target=\"_blank\" rel=\"noopener\">https:\/\/www.ibpt.be\/consommateurs\/evenements<\/a><\/strong><\/p><p>Het BIPT wijst er ook op dat de gebruikte apparatuur in overeenstemming moet zijn met de regelgeving.<\/p><p>Naar verluidt leveren sommige bedrijven materiaal dat niet aan de eisen voldoet. Een van de voorwaarden voor apparatuur die aan de eisen voldoet, is dat zij voorzien is van het<br \/>CE marking.<\/p><p>Om het gekscherend uit te drukken: de CE-markering mag niet worden verward met de \"China Export\"-markering: materiaal dat niet aan de eisen voldoet, wordt door het BIPT in beslag genomen.<\/p><p><img decoding=\"async\" class=\"alignleft size-full wp-image-6592\" src=\"http:\/\/spasummerclassic.com\/wp-content\/uploads\/2021\/04\/non_compliant_radio-300x138-1.jpeg\" alt=\"\" width=\"300\" height=\"138\" \/><\/p>\t\t\t\t\t\t\t\t<\/div>\n\t\t\t\t<\/div>\n\t\t\t\t\t<\/div>\n\t\t<\/div>\n\t\t\t\t\t<\/div>\n\t\t<\/section>\n\t\t\t\t<\/div>","protected":false},"excerpt":{"rendered":"<p>Autorisation Radio-Communication Communication officielle de l\u2019Institut belge des services postaux et des t\u00e9l\u00e9communications (IBPT) Tout utilisateur de mat\u00e9riel de radiocommunications est dans l\u2019obligation d\u2019\u00eatre en possession du titre d\u2019autorisation pour utiliser son mat\u00e9riel sur le circuit de Spa-Francorchamps lors du meeting Spa Summer Classic. Des contr\u00f4les seront r\u00e9alis\u00e9s par l\u2019IBPT \u00e0 Spa-Francorchamps et peuvent entra\u00eener, [&hellip;]<\/p>\n","protected":false},"author":3,"featured_media":77,"parent":0,"menu_order":0,"comment_status":"closed","ping_status":"closed","template":"","meta":{"footnotes":""},"class_list":["post-3254","page","type-page","status-publish","has-post-thumbnail","hentry"],"_links":{"self":[{"href":"https:\/\/spasummerclassic.com\/nl\/wp-json\/wp\/v2\/pages\/3254","targetHints":{"allow":["GET"]}}],"collection":[{"href":"https:\/\/spasummerclassic.com\/nl\/wp-json\/wp\/v2\/pages"}],"about":[{"href":"https:\/\/spasummerclassic.com\/nl\/wp-json\/wp\/v2\/types\/page"}],"author":[{"embeddable":true,"href":"https:\/\/spasummerclassic.com\/nl\/wp-json\/wp\/v2\/users\/3"}],"replies":[{"embeddable":true,"href":"https:\/\/spasummerclassic.com\/nl\/wp-json\/wp\/v2\/comments?post=3254"}],"version-history":[{"count":8,"href":"https:\/\/spasummerclassic.com\/nl\/wp-json\/wp\/v2\/pages\/3254\/revisions"}],"predecessor-version":[{"id":3434,"href":"https:\/\/spasummerclassic.com\/nl\/wp-json\/wp\/v2\/pages\/3254\/revisions\/3434"}],"wp:featuredmedia":[{"embeddable":true,"href":"https:\/\/spasummerclassic.com\/nl\/wp-json\/wp\/v2\/media\/77"}],"wp:attachment":[{"href":"https:\/\/spasummerclassic.com\/nl\/wp-json\/wp\/v2\/media?parent=3254"}],"curies":[{"name":"wp","href":"https:\/\/api.w.org\/{rel}","templated":true}]}}